{"id":218958,"date":"2020-02-26T19:25:39","date_gmt":"2020-02-26T19:25:39","guid":{"rendered":"https:\/\/www.arganismeorganics.com\/obtenez-un-devis-pour-lhuile-dargan-en-vrac-programme-de-partenaires-en-gros\/"},"modified":"2026-03-31T11:44:12","modified_gmt":"2026-03-31T11:44:12","slug":"obtenez-un-devis-pour-lhuile-dargan-en-vrac-programme-de-partenaires-en-gros","status":"publish","type":"page","link":"https:\/\/www.arganismeorganics.com\/fr\/obtenez-un-devis-pour-lhuile-dargan-en-vrac-programme-de-partenaires-en-gros\/","title":{"rendered":"Demandez votre devis huile d\u2019argan en gros"},"content":{"rendered":"\n<div class=\"gb-element-4029bd56\">\n<div class=\"gb-element-fb10ac53\">\n<p class=\"gb-text gb-text-4431b3cd\"><strong>Producteur marocain direct<\/strong>, nous accompagnons les marques <strong>cosm\u00e9tiques<\/strong> internationales avec des solutions en <strong>vrac<\/strong>, <strong>marque blanche<\/strong> et export. Recevez une offre personnalis\u00e9e avec tarifs B2B, MOQ et logistique mondiale <\/p>\n<\/div>\n\n\n\n<section class=\"gb-element-650ef847\">\n<div class=\"gb-element-51069ba6\">\n<h2 class=\"gb-text gb-text-5528520f\">Contactez notre usine d\u2019huile d\u2019argan au Maroc<\/h2>\n\n\n\n<p>Soumettez vos besoins afin de recevoir une proposition d\u00e9taill\u00e9e pour l\u2019<strong>huile d\u2019argan en vrac<\/strong>. Notre \u00e9quipe <strong>export<\/strong> bas\u00e9e au Maroc vous fournit des prix transparents, les d\u00e9tails de MOQ ainsi que les d\u00e9lais de livraison internationaux. <\/p>\n\n\n\n<p class=\"gb-text-8de8e1ee\"><span class=\"gb-shape\"><svg xmlns=\"http:\/\/www.w3.org\/2000\/svg\" viewbox=\"0 0 384 512\" width=\"1em\" height=\"1em\" aria-hidden=\"true\"><path d=\"M172.268 501.67C26.97 291.031 0 269.413 0 192 0 85.961 85.961 0 192 0s192 85.961 192 192c0 77.413-26.97 99.031-172.268 309.67-9.535 13.774-29.93 13.773-39.464 0zM192 272c44.183 0 80-35.817 80-80s-35.817-80-80-80-80 35.817-80 80 35.817 80 80 80z\" fill=\"currentColor\"><\/path><\/svg><\/span><span class=\"gb-text\">Arganisme<br>Lot 4, 394,<br>Essaouira 44000 Maroc<\/span><\/p>\n\n\n\n<p class=\"gb-text-2e95f0c3\"><span class=\"gb-shape\"><svg xmlns=\"http:\/\/www.w3.org\/2000\/svg\" viewbox=\"0 0 512 512\" width=\"1em\" height=\"1em\" aria-hidden=\"true\"><path d=\"M464 64H48C21.49 64 0 85.49 0 112v288c0 26.51 21.49 48 48 48h416c26.51 0 48-21.49 48-48V112c0-26.51-21.49-48-48-48zm0 48v40.805c-22.422 18.259-58.168 46.651-134.587 106.49-16.841 13.247-50.201 45.072-73.413 44.701-23.208.375-56.579-31.459-73.413-44.701C106.18 199.465 70.425 171.067 48 152.805V112h416zM48 400V214.398c22.914 18.251 55.409 43.862 104.938 82.646 21.857 17.205 60.134 55.186 103.062 54.955 42.717.231 80.509-37.199 103.053-54.947 49.528-38.783 82.032-64.401 104.947-82.653V400H48z\" fill=\"currentColor\"><\/path><\/svg><\/span><span class=\"gb-text\">T\u00e9l\u00e9phone <a href=\"tel:+212661476703\">+212 661.476.703<\/a><br>Envoyez <a href=\"mailto:business@arganismeorganics.com\" target=\"_blank\" rel=\"noreferrer noopener\">un e-mail business@arganismeorganics.com<\/a><\/span><\/p>\n<\/div>\n\n\n\n<div class=\"gb-element-add54a48\"><div class='fluentform ff-default fluentform_wrapper_1 ffs_default_wrap'><form data-form_id=\"1\" id=\"fluentform_1\" class=\"frm-fluent-form fluent_form_1 ff-el-form-top ff_form_instance_1_1 ff-form-loading ffs_default\" data-form_instance=\"ff_form_instance_1_1\" method=\"POST\" ><fieldset  style=\"border: none!important;margin: 0!important;padding: 0!important;background-color: transparent!important;box-shadow: none!important;outline: none!important; min-inline-size: 100%;\">\n                    <legend class=\"ff_screen_reader_title\" style=\"display: block; margin: 0!important;padding: 0!important;height: 0!important;text-indent: -999999px;width: 0!important;overflow:hidden;\">Devis Arganisme Organics<\/legend><input type='hidden' name='__fluent_form_embded_post_id' value='218958' \/><input type=\"hidden\" id=\"_fluentform_1_fluentformnonce\" name=\"_fluentform_1_fluentformnonce\" value=\"b68fd3e00c\" \/><input type=\"hidden\" name=\"_wp_http_referer\" value=\"\/fr\/wp-json\/wp\/v2\/pages\/218958\" \/><div data-name=\"ff_cn_id_1\"  class='ff-t-container ff-column-container ff_columns_total_2 '><div class='ff-t-cell ff-t-column-1' style='flex-basis: 50%;'><div data-type=\"name-element\" data-name=\"name\" class=\" ff-field_container ff-name-field-wrapper\" ><div class='ff-t-container'><div class='ff-t-cell '><div class='ff-el-group'><div class=\"ff-el-input--label asterisk-right\"><label for='ff_1_name_last_name_' id='label_ff_1_name_last_name_' >Name<\/label><\/div><div class='ff-el-input--content'><input type=\"text\" name=\"name[last_name]\" id=\"ff_1_name_last_name_\" class=\"ff-el-form-control\" placeholder=\"Name\" aria-invalid=\"false\" aria-required=false><\/div><\/div><\/div><\/div><\/div><\/div><div class='ff-t-cell ff-t-column-2' style='flex-basis: 50%;'><div class='ff-el-group'><div class=\"ff-el-input--label asterisk-right\"><label for='ff_1_company_name' id='label_ff_1_company_name' >Company<\/label><\/div><div class='ff-el-input--content'><input type=\"text\" name=\"company_name\" class=\"ff-el-form-control\" placeholder=\"Company Name\" data-name=\"company_name\" id=\"ff_1_company_name\"  aria-invalid=\"false\" aria-required=false><\/div><\/div><\/div><\/div><div data-name=\"ff_cn_id_2\"  class='ff-t-container ff-column-container ff_columns_total_2 '><div class='ff-t-cell ff-t-column-1' style='flex-basis: 50%;'><div class='ff-el-group'><div class=\"ff-el-input--label ff-el-is-required asterisk-right\"><label for='ff_1_email' id='label_ff_1_email' aria-label=\"Email\">Email<\/label><\/div><div class='ff-el-input--content'><input type=\"email\" name=\"email\" id=\"ff_1_email\" class=\"ff-el-form-control\" placeholder=\"Email Address\" data-name=\"email\"  aria-invalid=\"false\" aria-required=true><\/div><\/div><\/div><div class='ff-t-cell ff-t-column-2' style='flex-basis: 50%;'><div class='ff-el-group'><div class=\"ff-el-input--label ff-el-is-required asterisk-right\"><label for='ff_1_phone_number' id='label_ff_1_phone_number' aria-label=\"Phone Number\">Phone Number<\/label><\/div><div class='ff-el-input--content'><input type=\"text\" name=\"phone_number\" class=\"ff-el-form-control\" placeholder=\"Ex: +212 661...\" data-name=\"phone_number\" id=\"ff_1_phone_number\"  aria-invalid=\"false\" aria-required=true><\/div><\/div><\/div><\/div><div class='ff-el-group'><div class=\"ff-el-input--label ff-el-is-required asterisk-right\"><label for='ff_1_country' id='label_ff_1_country' aria-label=\"Country\">Country<\/label><\/div><div class='ff-el-input--content'><select name=\"country\" id=\"ff_1_country\" class=\"ff-el-form-control ff_has_multi_select\" placeholder=\"Country\" data-name=\"country\" aria-invalid='false' aria-required=true><option value=''>Country<\/option><option value='AF' >Afghanistan<\/option><option value='ZA' >Afrique du Sud<\/option><option value='AL' >Albanie<\/option><option value='DZ' >Alg\u00e9rie<\/option><option value='DE' >Allemagne<\/option><option value='AD' >Andorra<\/option><option value='AO' >Angola<\/option><option value='AI' >Anguilla<\/option><option value='AQ' >Antarctique<\/option><option value='AG' >Antigua-et-Barbuda<\/option><option value='SA' >Arabie Saoudite<\/option><option value='AR' >Argentine<\/option><option value='AM' >Arm\u00e9nie<\/option><option value='AW' >Aruba<\/option><option value='AU' >Australie<\/option><option value='AT' >Autriche<\/option><option value='AZ' >Azerba\u00efdjan<\/option><option value='BS' >Bahamas<\/option><option value='BH' >Bahre\u00efn<\/option><option value='BD' >Bangladesh<\/option><option value='BB' >Barbade<\/option><option value='BE' >Belgique<\/option><option value='BZ' >Belize<\/option><option value='BM' >Bermudes<\/option><option value='BT' >Bhoutan<\/option><option value='BY' >Bi\u00e9lorussie<\/option><option value='BO' >Bolivie<\/option><option value='BQ' >Bonaire, Saint-Eustache et Saba<\/option><option value='BA' >Bosnie-Herz\u00e9govine<\/option><option value='BW' >Botswana<\/option><option value='BN' >Brunei<\/option><option value='BR' >Br\u00e9sil<\/option><option value='BG' >Bulgarie<\/option><option value='BF' >Burkina Faso<\/option><option value='BI' >Burundi<\/option><option value='BJ' >B\u00e9nin<\/option><option value='CV' >Cabo Verde<\/option><option value='KH' >Cambodge<\/option><option value='CM' >Cameroun<\/option><option value='CA' >Canada<\/option><option value='TD' >Chad<\/option><option value='CL' >Chili<\/option><option value='CN' >Chine<\/option><option value='CY' >Chypre<\/option><option value='CO' >Colombie<\/option><option value='KM' >Comores<\/option><option value='KP' >Cor\u00e9e du Nord<\/option><option value='KR' >Cor\u00e9e du Sud<\/option><option value='CR' >Costa Rica<\/option><option value='HR' >Croatie (Hrvatska)<\/option><option value='CU' >Cuba<\/option><option value='CW' >Cura\u00e7ao<\/option><option value='CI' >C\u00f4te d\u2019Ivoire<\/option><option value='DK' >Danemark<\/option><option value='DJ' >Djibouti<\/option><option value='DM' >Dominique<\/option><option value='ES' >Espagne<\/option><option value='EE' >Estonie<\/option><option value='SZ' >Eswatini<\/option><option value='FJ' >Fidji<\/option><option value='FI' >Finlande<\/option><option value='FR' >France<\/option><option value='FO' >F\u00e9ro\u00e9 (\u00eeles)<\/option><option value='GA' >Gabon<\/option><option value='GM' >Gambie<\/option><option value='GH' >Ghana<\/option><option value='GI' >Gibraltar<\/option><option value='GD' >Grenade<\/option><option value='GL' >Groenland<\/option><option value='GR' >Gr\u00e8ce<\/option><option value='GP' >Guadeloupe<\/option><option value='GU' >Guam<\/option><option value='GT' >Guatemala<\/option><option value='GG' >Guernesey<\/option><option value='GN' >Guin\u00e9e<\/option><option value='GQ' >Guin\u00e9e \u00e9quatoriale<\/option><option value='GW' >Guin\u00e9e-Bissau<\/option><option value='GY' >Guyana<\/option><option value='GF' >Guyane fran\u00e7aise<\/option><option value='GE' >G\u00e9orgie<\/option><option value='GS' >G\u00e9orgie du Sud\/\u00celes Sandwich<\/option><option value='HT' >Ha\u00efti<\/option><option value='HN' >Honduras<\/option><option value='HK' >Hong Kong<\/option><option value='HU' >Hongrie<\/option><option value='IN' >Inde<\/option><option value='ID' >Indon\u00e9sie<\/option><option value='IQ' >Irak<\/option><option value='IR' >Iran<\/option><option value='IE' >Irlande<\/option><option value='IS' >Islande<\/option><option value='IL' >Isra\u00ebl<\/option><option value='IT' >Italie<\/option><option value='JM' >Jama\u00efque<\/option><option value='JP' >Japon<\/option><option value='JO' >Jordan<\/option><option value='KZ' >Kazakhstan<\/option><option value='KE' >Kenya<\/option><option value='KG' >Kirghizistan<\/option><option value='KI' >Kiribati<\/option><option value='XK' >Kosovo<\/option><option value='KW' >Kowe\u00eft<\/option><option value='LA' >Laos<\/option><option value='LS' >Lesotho<\/option><option value='LV' >Lettonie<\/option><option value='LB' >Liban<\/option><option value='LY' >Libye<\/option><option value='LR' >Lib\u00e9ria<\/option><option value='LI' >Liechtenstein<\/option><option value='LT' >Lituanie<\/option><option value='LU' >Luxembourg<\/option><option value='MK' >Mac\u00e9doine du Nord<\/option><option value='MG' >Madagascar<\/option><option value='JE' >Maillot<\/option><option value='MY' >Malaisie<\/option><option value='MW' >Malawi<\/option><option value='MV' >Maldives<\/option><option value='ML' >Mali<\/option><option value='MT' >Malte<\/option><option value='MA' >Maroc<\/option><option value='MQ' >Martinique<\/option><option value='MU' >Maurice<\/option><option value='MR' >Mauritanie<\/option><option value='YT' >Mayotte<\/option><option value='MX' >Mexique<\/option><option value='FM' >Micron\u00e9sie<\/option><option value='MD' >Moldavie<\/option><option value='MC' >Monaco<\/option><option value='MN' >Mongolie<\/option><option value='MS' >Montserrat<\/option><option value='ME' >Mont\u00e9n\u00e9gro<\/option><option value='MZ' >Mozambique<\/option><option value='MM' >Myanmar<\/option><option value='NA' >Namibie<\/option><option value='NR' >Nauru<\/option><option value='NI' >Nicaragua<\/option><option value='NE' >Niger<\/option><option value='NG' >Nigeria<\/option><option value='NU' >Niue<\/option><option value='NO' >Norv\u00e8ge<\/option><option value='NC' >Nouvelle-Cal\u00e9donie<\/option><option value='NZ' >Nouvelle-Z\u00e9lande<\/option><option value='NP' >N\u00e9pal<\/option><option value='OM' >Oman<\/option><option value='UG' >Ouganda<\/option><option value='UZ' >Ouzb\u00e9kistan<\/option><option value='PK' >Pakistan<\/option><option value='PW' >Palaos<\/option><option value='PA' >Panama<\/option><option value='PG' >Papouasie-Nouvelle-Guin\u00e9e<\/option><option value='PY' >Paraguay<\/option><option value='NL' >Pays-Bas<\/option><option value='PH' >Philippines<\/option><option value='PN' >Pitcairn<\/option><option value='PL' >Pologne<\/option><option value='PF' >Polyn\u00e9sie fran\u00e7aise<\/option><option value='PR' >Porto Rico<\/option><option value='PT' >Portugal<\/option><option value='PE' >P\u00e9rou<\/option><option value='QA' >Qatar<\/option><option value='MO' >R.A.S. de Macao, Chine<\/option><option value='RO' >Roumanie<\/option><option value='GB' >Royaume-Uni (Royaume-Uni)<\/option><option value='RU' >Russie<\/option><option value='RW' >Rwanda<\/option><option value='CF' >R\u00e9publique centrafricaine<\/option><option value='DO' >R\u00e9publique dominicaine<\/option><option value='CG' >R\u00e9publique du Congo (Brazzaville)<\/option><option value='CD' >R\u00e9publique d\u00e9mocratique du Congo (Kinshasa)<\/option><option value='CZ' >R\u00e9publique tch\u00e8que<\/option><option value='RE' >R\u00e9union<\/option><option value='EH' >Sahara occidental<\/option><option value='MF' >Saint Martin (partie fran\u00e7aise)<\/option><option value='PM' >Saint Pierre et Miquelon<\/option><option value='BL' >Saint-Barth\u00e9l\u00e9my<\/option><option value='KN' >Saint-Kitts-et-Nevis<\/option><option value='SM' >Saint-Marin<\/option><option value='SX' >Saint-Martin (partie n\u00e9erlandaise)<\/option><option value='VC' >Saint-Vincent-et-les-Grenadines-l\u00e0<\/option><option value='SH' >Sainte-H\u00e9l\u00e8ne<\/option><option value='LC' >Sainte-Lucie<\/option><option value='SV' >Salvador<\/option><option value='WS' >Samoa<\/option><option value='AS' >Samoa am\u00e9ricaines<\/option><option value='ST' >Sao Tom\u00e9-et-Principe<\/option><option value='RS' >Serbie<\/option><option value='SC' >Seychelles<\/option><option value='SL' >Sierra Leone<\/option><option value='SG' >Singapour<\/option><option value='SK' >Slovaquie<\/option><option value='SI' >Slov\u00e9nie<\/option><option value='SO' >Somalie<\/option><option value='SD' >Soudan<\/option><option value='SS' >Soudan du Sud<\/option><option value='LK' >Sri Lanka<\/option><option value='CH' >Suisse<\/option><option value='SR' >Suriname<\/option><option value='SE' >Su\u00e8de<\/option><option value='SJ' >Svalbard et Jan Mayen<\/option><option value='SY' >Syrie<\/option><option value='SN' >S\u00e9n\u00e9gal<\/option><option value='TJ' >Tadjikistan<\/option><option value='TW' >Taiwan<\/option><option value='TZ' >Tanzanie<\/option><option value='IO' >Territoire britannique de l\u2019oc\u00e9an Indien<\/option><option value='PS' >Territoire palestinien<\/option><option value='TF' >Territoires du Sud fran\u00e7ais<\/option><option value='TH' >Tha\u00eflande<\/option><option value='TL' >Timor-Leste<\/option><option value='TG' >Togo<\/option><option value='TK' >Tokelau<\/option><option value='TO' >Tonga<\/option><option value='TT' >Trinit\u00e9-et-Tobago<\/option><option value='TN' >Tunisie<\/option><option value='TM' >Turkm\u00e9nistan<\/option><option value='TV' >Tuvalu<\/option><option value='TR' >T\u00fcrkiye<\/option><option value='UA' >Ukraine<\/option><option value='UY' >Uruguay<\/option><option value='VU' >Vanuatu<\/option><option value='VA' >Vatican<\/option><option value='VE' >Venezuela<\/option><option value='VN' >Vietnam<\/option><option value='WF' >Wallis et Futuna<\/option><option value='YE' >Y\u00e9men<\/option><option value='ZM' >Zambie<\/option><option value='ZW' >Zimbabwe<\/option><option value='EG' >\u00c9gypte<\/option><option value='AE' >\u00c9mirats arabes unis<\/option><option value='EC' >\u00c9quateur<\/option><option value='ER' >\u00c9rythr\u00e9e<\/option><option value='US' >\u00c9tats-Unis (\u00c9tats-Unis)<\/option><option value='ET' >\u00c9thiopie<\/option><option value='BV' >\u00cele Bouvet<\/option><option value='CX' >\u00cele Christmas<\/option><option value='NF' >\u00cele Norfolk<\/option><option value='IM' >\u00cele de Man<\/option><option value='AX' >\u00celes Aland<\/option><option value='KY' >\u00celes Ca\u00efmans<\/option><option value='CC' >\u00celes Cocos (Keeling)<\/option><option value='CK' >\u00celes Cook<\/option><option value='HM' >\u00celes Heard et \u00eeles McDonald<\/option><option value='FK' >\u00celes Malouines<\/option><option value='MP' >\u00celes Mariannes du Nord<\/option><option value='MH' >\u00celes Marshall<\/option><option value='UM' >\u00celes Mineures P\u00e9riph\u00e9riques des \u00c9tats-Unis (US)<\/option><option value='SB' >\u00celes Salomon<\/option><option value='TC' >\u00celes Turques-et-Ca\u00efques<\/option><option value='VG' >\u00celes Vierges britanniques<\/option><option value='VI' >\u00celes Vierges des \u00c9tats-Unis (\u00c9tats-Unis)<\/option><\/select><\/div><\/div><div class='ff-el-group'><div class=\"ff-el-input--label ff-el-is-required asterisk-right\"><label for='ff_1_subject' id='label_ff_1_subject' aria-label=\"Subject\">Subject<\/label><\/div><div class='ff-el-input--content'><input type=\"text\" name=\"subject\" class=\"ff-el-form-control\" placeholder=\"Subject\" data-name=\"subject\" id=\"ff_1_subject\"  aria-invalid=\"false\" aria-required=true><\/div><\/div><div class='ff-el-group'><div class=\"ff-el-input--label ff-el-is-required asterisk-right\"><label for='ff_1_message' id='label_ff_1_message' aria-label=\"Your Message\">Your Message<\/label><\/div><div class='ff-el-input--content'><textarea aria-required=\"true\" aria-labelledby=\"label_ff_1_message\" name=\"message\" id=\"ff_1_message\" class=\"ff-el-form-control\" placeholder=\"Your Message\" rows=\"4\" cols=\"2\" data-name=\"message\" ><\/textarea><\/div><\/div><div class='ff-el-group ff-text-center ff_submit_btn_wrapper'><button type=\"submit\" class=\"ff-btn ff-btn-submit ff-btn-md ff_btn_style wpf_has_custom_css\"  aria-label=\"Request My Wholesale Quote\">Request My Wholesale Quote<\/button><\/div><\/fieldset><\/form><div id='fluentform_1_errors' class='ff-errors-in-stack ff_form_instance_1_1 ff-form-loading_errors ff_form_instance_1_1_errors'><\/div><\/div>            <script type=\"text\/javascript\">\n                window.fluent_form_ff_form_instance_1_1 = {\"id\":\"1\",\"ajaxUrl\":\"https:\\\/\\\/www.arganismeorganics.com\\\/wp-admin\\\/admin-ajax.php\",\"settings\":{\"layout\":{\"labelPlacement\":\"top\",\"helpMessagePlacement\":\"with_label\",\"errorMessagePlacement\":\"inline\",\"cssClassName\":\"\",\"asteriskPlacement\":\"asterisk-right\"},\"restrictions\":{\"denyEmptySubmission\":{\"enabled\":false}}},\"form_instance\":\"ff_form_instance_1_1\",\"form_id_selector\":\"fluentform_1\",\"rules\":{\"name[first_name]\":{\"required\":{\"value\":false,\"message\":\"This field is required\",\"global\":false,\"global_message\":\"Ce champ est obligatoire\"}},\"name[middle_name]\":{\"required\":{\"value\":false,\"message\":\"This field is required\",\"global\":false,\"global_message\":\"Ce champ est obligatoire\"}},\"name[last_name]\":{\"required\":{\"value\":false,\"message\":\"This field is required\",\"global\":false,\"global_message\":\"Ce champ est obligatoire\"}},\"company_name\":{\"required\":{\"value\":false,\"message\":\"This field is required\",\"global\":false,\"global_message\":\"Ce champ est obligatoire\"}},\"email\":{\"required\":{\"value\":true,\"message\":\"This field is required\",\"global\":false,\"global_message\":\"Ce champ est obligatoire\"},\"email\":{\"value\":true,\"message\":\"This field must contain a valid email\",\"global\":false,\"global_message\":\"Ce champ doit contenir un e-mail valide\"}},\"phone_number\":{\"required\":{\"value\":true,\"message\":\"Ce champ est obligatoire\",\"global_message\":\"Ce champ est obligatoire\",\"global\":true}},\"country\":{\"required\":{\"value\":true,\"message\":\"Ce champ est obligatoire\",\"global_message\":\"Ce champ est obligatoire\",\"global\":true}},\"subject\":{\"required\":{\"value\":true,\"message\":\"This field is required\",\"global\":false,\"global_message\":\"Ce champ est obligatoire\"}},\"message\":{\"required\":{\"value\":true,\"message\":\"This field is required\",\"global\":false,\"global_message\":\"Ce champ est obligatoire\"}}},\"debounce_time\":300};\n                            <\/script>\n            \n<\/div>\n<\/section>\n<\/div>\n","protected":false},"excerpt":{"rendered":"<p>Producteur marocain direct, nous accompagnons les marques cosm\u00e9tiques internationales avec des solutions en vrac, marque blanche et export. Recevez une offre personnalis\u00e9e avec tarifs B2B, MOQ et logistique mondiale Contactez notre usine d\u2019huile d\u2019argan au Maroc Soumettez vos besoins afin de recevoir une proposition d\u00e9taill\u00e9e pour l\u2019huile d\u2019argan en vrac. Notre \u00e9quipe export bas\u00e9e au &#8230; <a title=\"Demandez votre devis huile d\u2019argan en gros\" class=\"read-more\" href=\"https:\/\/www.arganismeorganics.com\/fr\/obtenez-un-devis-pour-lhuile-dargan-en-vrac-programme-de-partenaires-en-gros\/\" aria-label=\"En savoir plus sur Demandez votre devis huile d\u2019argan en gros\">Lire plus<\/a><\/p>\n","protected":false},"author":2,"featured_media":0,"parent":0,"menu_order":0,"comment_status":"closed","ping_status":"closed","template":"","meta":{"footnotes":""},"class_list":["post-218958","page","type-page","status-publish"],"_links":{"self":[{"href":"https:\/\/www.arganismeorganics.com\/fr\/wp-json\/wp\/v2\/pages\/218958","targetHints":{"allow":["GET"]}}],"collection":[{"href":"https:\/\/www.arganismeorganics.com\/fr\/wp-json\/wp\/v2\/pages"}],"about":[{"href":"https:\/\/www.arganismeorganics.com\/fr\/wp-json\/wp\/v2\/types\/page"}],"author":[{"embeddable":true,"href":"https:\/\/www.arganismeorganics.com\/fr\/wp-json\/wp\/v2\/users\/2"}],"replies":[{"embeddable":true,"href":"https:\/\/www.arganismeorganics.com\/fr\/wp-json\/wp\/v2\/comments?post=218958"}],"version-history":[{"count":0,"href":"https:\/\/www.arganismeorganics.com\/fr\/wp-json\/wp\/v2\/pages\/218958\/revisions"}],"wp:attachment":[{"href":"https:\/\/www.arganismeorganics.com\/fr\/wp-json\/wp\/v2\/media?parent=218958"}],"curies":[{"name":"wp","href":"https:\/\/api.w.org\/{rel}","templated":true}]}}