{"id":218912,"date":"2020-02-13T13:17:50","date_gmt":"2020-02-13T13:17:50","guid":{"rendered":"https:\/\/www.arganismeorganics.com\/accueil\/"},"modified":"2026-03-30T21:06:42","modified_gmt":"2026-03-30T21:06:42","slug":"accueil","status":"publish","type":"page","link":"https:\/\/www.arganismeorganics.com\/fr\/","title":{"rendered":"Accueil"},"content":{"rendered":"\n<div class=\"gb-element-9012b8f7\">\n<img loading=\"lazy\" decoding=\"async\" width=\"2400\" height=\"1601\" class=\"gb-media-3ed0a61d\" alt=\"Coop\u00e9rative d\u2019huile d\u2019argan au Maroc produisant de l\u2019huile d\u2019argan biologique destin\u00e9e \u00e0 l\u2019export en vrac\" title=\"Coop\u00e9rative marocaine d\u2019huile d\u2019argan - Fourniture en vrac pour les professionnels\" src=\"https:\/\/www.arganismeorganics.com\/wp-content\/uploads\/2026\/02\/argan-oil-cooperative-morocco-bulk.webp\" srcset=\"https:\/\/www.arganismeorganics.com\/wp-content\/uploads\/2026\/02\/argan-oil-cooperative-morocco-bulk.webp 2400w, https:\/\/www.arganismeorganics.com\/wp-content\/uploads\/2026\/02\/argan-oil-cooperative-morocco-bulk-300x200.webp 300w, https:\/\/www.arganismeorganics.com\/wp-content\/uploads\/2026\/02\/argan-oil-cooperative-morocco-bulk-1024x683.webp 1024w, https:\/\/www.arganismeorganics.com\/wp-content\/uploads\/2026\/02\/argan-oil-cooperative-morocco-bulk-768x512.webp 768w, https:\/\/www.arganismeorganics.com\/wp-content\/uploads\/2026\/02\/argan-oil-cooperative-morocco-bulk-1536x1025.webp 1536w, https:\/\/www.arganismeorganics.com\/wp-content\/uploads\/2026\/02\/argan-oil-cooperative-morocco-bulk-2048x1366.webp 2048w\" sizes=\"auto, (max-width: 2400px) 100vw, 2400px\" \/>\n\n\n\n<div class=\"gb-element-707210b9\">\n<div class=\"gb-element-bedfb800\">\n<h1 class=\"gb-text gb-text-eb452cf3\">Fournisseur marocain d\u2019huile d\u2019argan en gros | Producteur direct en coop\u00e9rative<\/h1>\n\n\n\n<p class=\"gb-text gb-text-728ed2a9\">Bas\u00e9 \u00e0 Essaouira, <strong>nous fournissons de l\u2019huile d\u2019argan en vrac<\/strong> aux acheteurs B2B : fabrication en marque blanche, emballage et documentation pr\u00eats pour l\u2019export, ainsi qu\u2019une exp\u00e9dition mondiale pour les marques cosm\u00e9tiques et pharmaceutiques.<\/p>\n<\/div>\n\n\n\n<a class=\"gb-text gb-text-b91a3260\" href=\"https:\/\/www.arganismeorganics.com\/fr\/obtenez-un-devis-pour-lhuile-dargan-en-vrac-programme-de-partenaires-en-gros\/\">Demandez un devis en gros<\/a>\n\n\n\n<a class=\"gb-text gb-text-fd75f687\" href=\"https:\/\/www.arganismeorganics.com\/fr\/fournisseur-en-gros-dhuile-dargan-marocain-huiles-naturelles-et-ingredients-en-vrac\/\">Voir nos produits<\/a>\n<\/div>\n<\/div>\n\n<div class=\"gb-element-60c555ee\">\n<h3 class=\"gb-text gb-text-383b3124\">Qualit\u00e9 certifi\u00e9e pour l\u2019export<\/h3>\n\n\n\n<div class=\"gb-element-31784b86\">\n<div class=\"gb-element-d95eb791\" style=\"--inline-bg-image: url(https:\/\/www.arganismeorganics.com\/wp-content\/uploads\/2026\/02\/ecocert-organic-certified-argan-oil-bulk.webp)\">\n<img loading=\"lazy\" decoding=\"async\" width=\"200\" height=\"220\" class=\"gb-media-289257d6\" alt=\"Huile d\u2019argan certifi\u00e9e sans cruaut\u00e9 pour une fabrication cosm\u00e9tique \u00e9thique.\" title=\"Certification sans cruaut\u00e9 animale\" src=\"https:\/\/www.arganismeorganics.com\/wp-content\/uploads\/2026\/02\/cruelty-free-argan-oil-certification-morocco.webp\">\n<\/div>\n\n\n\n<div class=\"gb-element-8d33ec22\" style=\"--inline-bg-image: url(https:\/\/www.arganismeorganics.com\/wp-content\/uploads\/2026\/02\/ecocert-organic-certified-argan-oil-bulk.webp)\">\n<img loading=\"lazy\" decoding=\"async\" width=\"120\" height=\"166\" class=\"gb-media-ebc8465f\" alt=\"Huile d\u2019argan certifi\u00e9e commerce \u00e9quitable soutenant les communaut\u00e9s locales marocaines.\" title=\"Certification du commerce \u00e9quitable\" src=\"https:\/\/www.arganismeorganics.com\/wp-content\/uploads\/2026\/02\/fair-trade-argan-oil-cooperative-essaouira.webp\">\n<\/div>\n\n\n\n<div class=\"gb-element-84693083\" style=\"--inline-bg-image: url(https:\/\/www.arganismeorganics.com\/wp-content\/uploads\/2026\/02\/ecocert-organic-certified-argan-oil-bulk.webp)\">\n<img loading=\"lazy\" decoding=\"async\" width=\"200\" height=\"200\" class=\"gb-media-6960cebf\" alt=\"Fournisseur d\u2019huile d\u2019argan certifi\u00e9 USDA Organic pour les march\u00e9s am\u00e9ricain et mondial.\" title=\"USDA Organic\" src=\"https:\/\/www.arganismeorganics.com\/wp-content\/uploads\/2026\/02\/usda-organic-argan-oil-supplier-wholesale.webp\" srcset=\"https:\/\/www.arganismeorganics.com\/wp-content\/uploads\/2026\/02\/usda-organic-argan-oil-supplier-wholesale.webp 200w, https:\/\/www.arganismeorganics.com\/wp-content\/uploads\/2026\/02\/usda-organic-argan-oil-supplier-wholesale-150x150.webp 150w\" sizes=\"auto, (max-width: 200px) 100vw, 200px\" \/>\n<\/div>\n\n\n\n<div class=\"gb-element-7fd19230\" style=\"--inline-bg-image: url(https:\/\/www.arganismeorganics.com\/wp-content\/uploads\/2026\/02\/ecocert-organic-certified-argan-oil-bulk.webp)\">\n<img loading=\"lazy\" decoding=\"async\" width=\"220\" height=\"153\" class=\"gb-media-6be0695a\" alt=\"Huile d\u2019argan certifi\u00e9e Ecocert Organic pour la vente en gros et la marque de distributeur.\" title=\"Ecocert Organic\" src=\"https:\/\/www.arganismeorganics.com\/wp-content\/uploads\/2026\/02\/ecocert-organic-certified-argan-oil-bulk.webp\">\n<\/div>\n\n\n\n<div class=\"gb-element-598507da\" style=\"--inline-bg-image: url(https:\/\/www.arganismeorganics.com\/wp-content\/uploads\/2026\/02\/ecocert-organic-certified-argan-oil-bulk.webp)\">\n<img loading=\"lazy\" decoding=\"async\" width=\"350\" height=\"150\" class=\"gb-media-598222fb\" alt=\"Certificat ONSSA de sant\u00e9 et de s\u00e9curit\u00e9 pour la production d\u2019huile d\u2019argan au Maroc.\" title=\"Certificat de s\u00e9curit\u00e9 ONSSA\" src=\"https:\/\/www.arganismeorganics.com\/wp-content\/uploads\/2026\/02\/onssa-morocco-food-safety-argan-oil-producer.webp\" srcset=\"https:\/\/www.arganismeorganics.com\/wp-content\/uploads\/2026\/02\/onssa-morocco-food-safety-argan-oil-producer.webp 350w, https:\/\/www.arganismeorganics.com\/wp-content\/uploads\/2026\/02\/onssa-morocco-food-safety-argan-oil-producer-300x129.webp 300w\" sizes=\"auto, (max-width: 350px) 100vw, 350px\" \/>\n<\/div>\n\n\n\n<div class=\"gb-element-02a7b7de\" style=\"--inline-bg-image: url(https:\/\/www.arganismeorganics.com\/wp-content\/uploads\/2026\/02\/ecocert-organic-certified-argan-oil-bulk.webp)\">\n<img loading=\"lazy\" decoding=\"async\" width=\"321\" height=\"81\" class=\"gb-media-5e016a6d\" alt=\"Certification Foodex EACCE du Maroc pour l\u2019exportation internationale d\u2019huile d\u2019argan.\" title=\"Approbation Foodex au Maroc\" src=\"https:\/\/www.arganismeorganics.com\/wp-content\/uploads\/2026\/02\/morocco-foodex-eacce-export-argan-oil.webp\" srcset=\"https:\/\/www.arganismeorganics.com\/wp-content\/uploads\/2026\/02\/morocco-foodex-eacce-export-argan-oil.webp 321w, https:\/\/www.arganismeorganics.com\/wp-content\/uploads\/2026\/02\/morocco-foodex-eacce-export-argan-oil-300x76.webp 300w\" sizes=\"auto, (max-width: 321px) 100vw, 321px\" \/>\n<\/div>\n<\/div>\n<\/div>\n\n<div class=\"gb-element-2d0ebd46\">\n<h2 class=\"gb-text gb-text-4c8554e2\">Approvisionnement direct depuis notre coop\u00e9rative marocaine d\u2019huile d\u2019argan<\/h2>\n\n\n\n<p class=\"gb-text gb-text-19d58bb4\">Arganisme Organics accompagne les marques et les professionnels \u00e0 la recherche <strong>d\u2019un approvisionnement fiable en huile d\u2019argan au Maroc<\/strong>.<br>De <strong>la fourniture en vrac<\/strong> \u00e0 la logistique d\u2019export, nous garantissons qualit\u00e9, tra\u00e7abilit\u00e9 et prix comp\u00e9titifs.<\/p>\n\n\n\n<div class=\"gb-element-4c6f0d8f\">\n<div class=\"gb-element-d86b9213\">\n<h3 class=\"gb-text gb-text-ceb54d36\">Huile d\u2019argan cosm\u00e9tique en vrac<\/h3>\n\n\n\n<p class=\"gb-text gb-text-d00c6ec6\">Huile d\u2019argan cosm\u00e9tique vierge disponible en grandes quantit\u00e9s pour un usage professionnel et industriel.<\/p>\n\n\n\n<a class=\"gb-text-4dc1edd1\" href=\"https:\/\/www.arganismeorganics.com\/fr\/maroccan-argan-oil-services-marque-privee-vrac-et-fabrication-sous-contrat\/\"><span class=\"gb-text\">Solutions en vrac<\/span><span class=\"gb-shape\"><svg xmlns=\"http:\/\/www.w3.org\/2000\/svg\" aria-hidden=\"true\" height=\"1em\" width=\"1em\" viewbox=\"0 0 256 512\"><path fill=\"currentColor\" d=\"M224.3 273l-136 136c-9.4 9.4-24.6 9.4-33.9 0l-22.6-22.6c-9.4-9.4-9.4-24.6 0-33.9l96.4-96.4-96.4-96.4c-9.4-9.4-9.4-24.6 0-33.9L54.3 103c9.4-9.4 24.6-9.4 33.9 0l136 136c9.5 9.4 9.5 24.6.1 34z\"><\/path><\/svg><\/span><\/a>\n<\/div>\n\n\n\n<div class=\"gb-element-5ffe0d9d\">\n<h3 class=\"gb-text gb-text-81dbd3eb\">Coop\u00e9rative d\u2019huile d\u2019argan au Maroc<\/h3>\n\n\n\n<p class=\"gb-text gb-text-f5634d22\">Produit par une coop\u00e9rative d\u2019huile d\u2019argan au Maroc, selon un savoir-faire traditionnel et un contr\u00f4le qualit\u00e9 strict.<\/p>\n\n\n\n<a class=\"gb-text-9dc389a0\" href=\"https:\/\/www.arganismeorganics.com\/fr\/maroccan-argan-oil-services-marque-privee-vrac-et-fabrication-sous-contrat\/\"><span class=\"gb-text\">Notre sourcing<\/span><span class=\"gb-shape\"><svg xmlns=\"http:\/\/www.w3.org\/2000\/svg\" aria-hidden=\"true\" height=\"1em\" width=\"1em\" viewbox=\"0 0 256 512\"><path fill=\"currentColor\" d=\"M224.3 273l-136 136c-9.4 9.4-24.6 9.4-33.9 0l-22.6-22.6c-9.4-9.4-9.4-24.6 0-33.9l96.4-96.4-96.4-96.4c-9.4-9.4-9.4-24.6 0-33.9L54.3 103c9.4-9.4 24.6-9.4 33.9 0l136 136c9.5 9.4 9.5 24.6.1 34z\"><\/path><\/svg><\/span><\/a>\n<\/div>\n\n\n\n<div class=\"gb-element-78bd0279\">\n<h3 class=\"gb-text gb-text-5aa233c0\">Emballage en vrac et exportation<\/h3>\n\n\n\n<p class=\"gb-text gb-text-161ab23c\">Solutions d\u2019emballage flexible en vrac et exportation internationale pour des clients B2B dans le monde entier.<\/p>\n\n\n\n<a class=\"gb-text-8aacd295\" href=\"https:\/\/www.arganismeorganics.com\/fr\/maroccan-argan-oil-services-marque-privee-vrac-et-fabrication-sous-contrat\/\"><span class=\"gb-text\">D\u00e9tails d\u2019exportation<\/span><span class=\"gb-shape\"><svg xmlns=\"http:\/\/www.w3.org\/2000\/svg\" aria-hidden=\"true\" height=\"1em\" width=\"1em\" viewbox=\"0 0 256 512\"><path fill=\"currentColor\" d=\"M224.3 273l-136 136c-9.4 9.4-24.6 9.4-33.9 0l-22.6-22.6c-9.4-9.4-9.4-24.6 0-33.9l96.4-96.4-96.4-96.4c-9.4-9.4-9.4-24.6 0-33.9L54.3 103c9.4-9.4 24.6-9.4 33.9 0l136 136c9.5 9.4 9.5 24.6.1 34z\"><\/path><\/svg><\/span><\/a>\n<\/div>\n<\/div>\n<\/div>\n\n<div class=\"gb-element-83230e60\">\n<h2 class=\"gb-text gb-text-cfd4a1c7\">Coop\u00e9rative et producteur leader d\u2019huile d\u2019argan depuis 2007<\/h2>\n\n\n\n<div class=\"gb-element-8eb4216d\">\n<div class=\"gb-element-00005084\">\n<p class=\"gb-text gb-text-d5e06dc3\">2007<\/p>\n\n\n\n<p class=\"gb-text gb-text-eb91d07f\">Fond\u00e9 \u00e0 Essaouira<\/p>\n<\/div>\n\n\n\n<div class=\"gb-element-922d64f2\">\n<p class=\"gb-text gb-text-d36658d1\">100+ Tonnes<\/p>\n\n\n\n<p class=\"gb-text gb-text-99be3c74\">Production annuelle<\/p>\n<\/div>\n\n\n\n<div class=\"gb-element-bef6a9db\">\n<p class=\"gb-text gb-text-c599f4b3\">30+ Employ\u00e9s<\/p>\n\n\n\n<p class=\"gb-text gb-text-8ac96604\">Soutien de la communaut\u00e9 locale<\/p>\n<\/div>\n\n\n\n<div class=\"gb-element-5202f82d\">\n<p class=\"gb-text gb-text-57d43ded\">Certifi\u00e9<\/p>\n\n\n\n<p class=\"gb-text gb-text-2a2a380b\">USDA Organic &amp; ECOCERT<\/p>\n<\/div>\n<\/div>\n<\/div>\n\n<div class=\"gb-element-464f43a4\">\n<h2 class=\"gb-text gb-text-d341dec5\">Gamme marocaine premium pour la vente en gros<\/h2>\n\n\n\n<p class=\"gb-text gb-text-02db349f\">Approvisionn\u00e9s directement depuis Essaouira, au Maroc, nous sommes un <strong>fournisseur<\/strong> leader d\u2019ingr\u00e9dients en vrac destin\u00e9s aux industries cosm\u00e9tique et alimentaire \u00e0 l\u2019international.<\/p>\n\n\n\n<div class=\"gb-element-77b85bd1\">\n<div class=\"gb-element-624c1f5e\">\n<h3 class=\"gb-text gb-text-bd2841ce\">Huile d\u2019argan en vrac<\/h3>\n\n\n\n<img loading=\"lazy\" decoding=\"async\" width=\"600\" height=\"327\" class=\"gb-media-e6af5168\" alt=\"Fournisseur en gros d\u2019huile d\u2019argan du Maroc pour les industries cosm\u00e9tiques et culinaires.\" title=\"Fournisseur en gros d\u2019huile d\u2019argan au Maroc\" src=\"https:\/\/www.arganismeorganics.com\/wp-content\/uploads\/2026\/02\/argan-oil-wholesale-supplier-morocco.webp\" srcset=\"https:\/\/www.arganismeorganics.com\/wp-content\/uploads\/2026\/02\/argan-oil-wholesale-supplier-morocco.webp 600w, https:\/\/www.arganismeorganics.com\/wp-content\/uploads\/2026\/02\/argan-oil-wholesale-supplier-morocco-300x164.webp 300w\" sizes=\"auto, (max-width: 600px) 100vw, 600px\" \/>\n\n\n\n<p class=\"gb-text gb-text-f9924592\">100 % pur, press\u00e9 \u00e0 froid et certifi\u00e9 biologique<\/p>\n\n\n\n<a class=\"gb-text-ff56b8aa\" href=\"https:\/\/www.arganismeorganics.com\/fr\/fournisseur-en-gros-dhuile-dargan-marocain-huiles-naturelles-et-ingredients-en-vrac\/\"><span class=\"gb-text\">GROSSISTE D\u2019HUILE D\u2019ARGAN<\/span><span class=\"gb-shape\"><svg xmlns=\"http:\/\/www.w3.org\/2000\/svg\" aria-hidden=\"true\" height=\"1em\" width=\"1em\" viewbox=\"0 0 256 512\"><path fill=\"currentColor\" d=\"M224.3 273l-136 136c-9.4 9.4-24.6 9.4-33.9 0l-22.6-22.6c-9.4-9.4-9.4-24.6 0-33.9l96.4-96.4-96.4-96.4c-9.4-9.4-9.4-24.6 0-33.9L54.3 103c9.4-9.4 24.6-9.4 33.9 0l136 136c9.5 9.4 9.5 24.6.1 34z\"><\/path><\/svg><\/span><\/a>\n<\/div>\n\n\n\n<div class=\"gb-element-42ed7ee0\">\n<h3 class=\"gb-text gb-text-2619b29b\">Huile de p\u00e9pins de figue de barbarie<\/h3>\n\n\n\n<img loading=\"lazy\" decoding=\"async\" width=\"600\" height=\"327\" class=\"gb-media-ae0c4a70\" alt=\"Approvisionnement en huile de p\u00e9pins de figue de barbarie pure en vrac depuis le Maroc, destin\u00e9 aux marques de soins anti-\u00e2ge haut de gamme.\" title=\"Huile de p\u00e9pins de figue de barbarie en gros - Maroc\" src=\"https:\/\/www.arganismeorganics.com\/wp-content\/uploads\/2026\/02\/moroccan-prickly-pear-seed-oil-bulk.webp\" srcset=\"https:\/\/www.arganismeorganics.com\/wp-content\/uploads\/2026\/02\/moroccan-prickly-pear-seed-oil-bulk.webp 600w, https:\/\/www.arganismeorganics.com\/wp-content\/uploads\/2026\/02\/moroccan-prickly-pear-seed-oil-bulk-300x164.webp 300w\" sizes=\"auto, (max-width: 600px) 100vw, 600px\" \/>\n\n\n\n<p class=\"gb-text gb-text-dd008ed5\">L\u2019ingr\u00e9dient ultime du luxe anti-\u00e2ge<\/p>\n\n\n\n<a class=\"gb-text-c77267bc\" href=\"https:\/\/www.arganismeorganics.com\/fr\/fournisseur-en-gros-dhuile-dargan-marocain-huiles-naturelles-et-ingredients-en-vrac\/\"><span class=\"gb-text\">FIGUE DE BARBARIE EN VRAC<\/span><span class=\"gb-shape\"><svg xmlns=\"http:\/\/www.w3.org\/2000\/svg\" aria-hidden=\"true\" height=\"1em\" width=\"1em\" viewbox=\"0 0 256 512\"><path fill=\"currentColor\" d=\"M224.3 273l-136 136c-9.4 9.4-24.6 9.4-33.9 0l-22.6-22.6c-9.4-9.4-9.4-24.6 0-33.9l96.4-96.4-96.4-96.4c-9.4-9.4-9.4-24.6 0-33.9L54.3 103c9.4-9.4 24.6-9.4 33.9 0l136 136c9.5 9.4 9.5 24.6.1 34z\"><\/path><\/svg><\/span><\/a>\n<\/div>\n\n\n\n<div class=\"gb-element-d75417a4\">\n<h3 class=\"gb-text gb-text-bebdd29c\">Huiles essentielles<\/h3>\n\n\n\n<img loading=\"lazy\" decoding=\"async\" width=\"600\" height=\"327\" class=\"gb-media-8fdc4cf3\" alt=\"Eaux florales et hydrolats marocains en gros, incluant l\u2019eau de rose et la fleur d\u2019oranger.\" title=\"Huiles essentielles et hydrosols marocains en gros\" src=\"https:\/\/www.arganismeorganics.com\/wp-content\/uploads\/2026\/02\/moroccan-essential-oils-hydrosols-wholesale.webp\" srcset=\"https:\/\/www.arganismeorganics.com\/wp-content\/uploads\/2026\/02\/moroccan-essential-oils-hydrosols-wholesale.webp 600w, https:\/\/www.arganismeorganics.com\/wp-content\/uploads\/2026\/02\/moroccan-essential-oils-hydrosols-wholesale-300x164.webp 300w\" sizes=\"auto, (max-width: 600px) 100vw, 600px\" \/>\n\n\n\n<p class=\"gb-text gb-text-5d77fbb9\">Extraits botaniques distill\u00e9s \u00e0 la vapeur<\/p>\n\n\n\n<a class=\"gb-text-94d24ba7\" href=\"https:\/\/www.arganismeorganics.com\/fr\/fournisseur-en-gros-dhuile-dargan-marocain-huiles-naturelles-et-ingredients-en-vrac\/\"><span class=\"gb-text\">HUILES ESSENTIELLES EN VRAC<\/span><span class=\"gb-shape\"><svg xmlns=\"http:\/\/www.w3.org\/2000\/svg\" aria-hidden=\"true\" height=\"1em\" width=\"1em\" viewbox=\"0 0 256 512\"><path fill=\"currentColor\" d=\"M224.3 273l-136 136c-9.4 9.4-24.6 9.4-33.9 0l-22.6-22.6c-9.4-9.4-9.4-24.6 0-33.9l96.4-96.4-96.4-96.4c-9.4-9.4-9.4-24.6 0-33.9L54.3 103c9.4-9.4 24.6-9.4 33.9 0l136 136c9.5 9.4 9.5 24.6.1 34z\"><\/path><\/svg><\/span><\/a>\n<\/div>\n\n\n\n<div class=\"gb-element-85e2676d\">\n<h3 class=\"gb-text gb-text-d7ccd389\">Hammam &amp; Spa<\/h3>\n\n\n\n<img loading=\"lazy\" decoding=\"async\" width=\"600\" height=\"327\" class=\"gb-media-29f8eb80\" alt=\"Vente en gros de produits spa marocains, y compris du savon noir (Beldi) et de l\u2019argile ghassoul pour les centres de bien-\u00eatre.\" title=\"Vente en gros de produits de spa marocain\" src=\"https:\/\/www.arganismeorganics.com\/wp-content\/uploads\/2026\/02\/moroccan-spa-products-wholesale.webp\" srcset=\"https:\/\/www.arganismeorganics.com\/wp-content\/uploads\/2026\/02\/moroccan-spa-products-wholesale.webp 600w, https:\/\/www.arganismeorganics.com\/wp-content\/uploads\/2026\/02\/moroccan-spa-products-wholesale-300x164.webp 300w\" sizes=\"auto, (max-width: 600px) 100vw, 600px\" \/>\n\n\n\n<p class=\"gb-text gb-text-7fadb1b7\">Savon Beldi traditionnel et argiles min\u00e9rales<\/p>\n\n\n\n<a class=\"gb-text-360e84b2\" href=\"https:\/\/www.arganismeorganics.com\/fr\/fournisseur-en-gros-dhuile-dargan-marocain-huiles-naturelles-et-ingredients-en-vrac\/\"><span class=\"gb-text\">PRODUITS SPA EN GROS<\/span><span class=\"gb-shape\"><svg xmlns=\"http:\/\/www.w3.org\/2000\/svg\" aria-hidden=\"true\" height=\"1em\" width=\"1em\" viewbox=\"0 0 256 512\"><path fill=\"currentColor\" d=\"M224.3 273l-136 136c-9.4 9.4-24.6 9.4-33.9 0l-22.6-22.6c-9.4-9.4-9.4-24.6 0-33.9l96.4-96.4-96.4-96.4c-9.4-9.4-9.4-24.6 0-33.9L54.3 103c9.4-9.4 24.6-9.4 33.9 0l136 136c9.5 9.4 9.5 24.6.1 34z\"><\/path><\/svg><\/span><\/a>\n<\/div>\n<\/div>\n<\/div>\n","protected":false},"excerpt":{"rendered":"<p>Fournisseur marocain d\u2019huile d\u2019argan en gros | Producteur direct en coop\u00e9rative Bas\u00e9 \u00e0 Essaouira, nous fournissons de l\u2019huile d\u2019argan en vrac aux acheteurs B2B : fabrication en marque blanche, emballage et documentation pr\u00eats pour l\u2019export, ainsi qu\u2019une exp\u00e9dition mondiale pour les marques cosm\u00e9tiques et pharmaceutiques. Demandez un devis en gros Voir nos produits Qualit\u00e9 certifi\u00e9e &#8230; <a title=\"Accueil\" class=\"read-more\" href=\"https:\/\/www.arganismeorganics.com\/fr\/\" aria-label=\"En savoir plus sur Accueil\">Lire plus<\/a><\/p>\n","protected":false},"author":2,"featured_media":0,"parent":0,"menu_order":0,"comment_status":"closed","ping_status":"closed","template":"","meta":{"footnotes":""},"class_list":["post-218912","page","type-page","status-publish"],"_links":{"self":[{"href":"https:\/\/www.arganismeorganics.com\/fr\/wp-json\/wp\/v2\/pages\/218912","targetHints":{"allow":["GET"]}}],"collection":[{"href":"https:\/\/www.arganismeorganics.com\/fr\/wp-json\/wp\/v2\/pages"}],"about":[{"href":"https:\/\/www.arganismeorganics.com\/fr\/wp-json\/wp\/v2\/types\/page"}],"author":[{"embeddable":true,"href":"https:\/\/www.arganismeorganics.com\/fr\/wp-json\/wp\/v2\/users\/2"}],"replies":[{"embeddable":true,"href":"https:\/\/www.arganismeorganics.com\/fr\/wp-json\/wp\/v2\/comments?post=218912"}],"version-history":[{"count":0,"href":"https:\/\/www.arganismeorganics.com\/fr\/wp-json\/wp\/v2\/pages\/218912\/revisions"}],"wp:attachment":[{"href":"https:\/\/www.arganismeorganics.com\/fr\/wp-json\/wp\/v2\/media?parent=218912"}],"curies":[{"name":"wp","href":"https:\/\/api.w.org\/{rel}","templated":true}]}}