{"id":218955,"date":"2020-02-26T19:25:39","date_gmt":"2020-02-26T19:25:39","guid":{"rendered":"https:\/\/www.arganismeorganics.com\/obten-un-presupuesto-de-aceite-de-argan-a-granel-programa-de-socios-mayoristas\/"},"modified":"2026-03-31T19:54:44","modified_gmt":"2026-03-31T19:54:44","slug":"obten-un-presupuesto-de-aceite-de-argan-a-granel-programa-de-socios-mayoristas","status":"publish","type":"page","link":"https:\/\/www.arganismeorganics.com\/es\/obten-un-presupuesto-de-aceite-de-argan-a-granel-programa-de-socios-mayoristas\/","title":{"rendered":"Obt\u00e9n un presupuesto de aceite de arg\u00e1n a granel | Programa de Socios Mayoristas"},"content":{"rendered":"\n<div class=\"gb-element-4029bd56\">\n<div class=\"gb-element-fb10ac53\">\n<p class=\"gb-text gb-text-4431b3cd\">Como <strong>productor directo marroqu\u00ed<\/strong>, ofrecemos <strong>aceite de arg\u00e1n cosm\u00e9tico<\/strong> premium para marcas globales. Cont\u00e1ctanos hoy mismo para un presupuesto personalizado de soluciones <strong>al por mayor<\/strong>, <strong>mayoristas<\/strong> o <strong>de marca propia<\/strong> . <\/p>\n<\/div>\n\n\n\n<section class=\"gb-element-650ef847\">\n<div class=\"gb-element-51069ba6\">\n<h2 class=\"gb-text gb-text-5528520f\">Contacta con nuestra f\u00e1brica de aceite de arg\u00e1n en Marruecos<\/h2>\n\n\n\n<p>Env\u00eda tus requisitos a continuaci\u00f3n para recibir una propuesta detallada <strong>de aceite de arg\u00e1n a granel<\/strong> . Nuestro equipo <strong>de exportaci\u00f3n<\/strong> marroqu\u00ed ofrece precios mayoristas transparentes, detalles de MOQ y plazos de env\u00edo a nivel mundial. <\/p>\n\n\n\n<p class=\"gb-text-8de8e1ee\"><span class=\"gb-shape\"><svg xmlns=\"http:\/\/www.w3.org\/2000\/svg\" viewbox=\"0 0 384 512\" width=\"1em\" height=\"1em\" aria-hidden=\"true\"><path d=\"M172.268 501.67C26.97 291.031 0 269.413 0 192 0 85.961 85.961 0 192 0s192 85.961 192 192c0 77.413-26.97 99.031-172.268 309.67-9.535 13.774-29.93 13.773-39.464 0zM192 272c44.183 0 80-35.817 80-80s-35.817-80-80-80-80 35.817-80 80 35.817 80 80 80z\" fill=\"currentColor\"><\/path><\/svg><\/span><span class=\"gb-text\">Arganismo<br>Lote 4, 394,<br>Essaouira 44000 Marruecos<\/span><\/p>\n\n\n\n<p class=\"gb-text-2e95f0c3\"><span class=\"gb-shape\"><svg xmlns=\"http:\/\/www.w3.org\/2000\/svg\" viewbox=\"0 0 512 512\" width=\"1em\" height=\"1em\" aria-hidden=\"true\"><path d=\"M464 64H48C21.49 64 0 85.49 0 112v288c0 26.51 21.49 48 48 48h416c26.51 0 48-21.49 48-48V112c0-26.51-21.49-48-48-48zm0 48v40.805c-22.422 18.259-58.168 46.651-134.587 106.49-16.841 13.247-50.201 45.072-73.413 44.701-23.208.375-56.579-31.459-73.413-44.701C106.18 199.465 70.425 171.067 48 152.805V112h416zM48 400V214.398c22.914 18.251 55.409 43.862 104.938 82.646 21.857 17.205 60.134 55.186 103.062 54.955 42.717.231 80.509-37.199 103.053-54.947 49.528-38.783 82.032-64.401 104.947-82.653V400H48z\" fill=\"currentColor\"><\/path><\/svg><\/span><span class=\"gb-text\">Tel\u00e9fono <a href=\"tel:+212661476703\">+212 661.476.703<\/a><br>Env\u00eda <a href=\"mailto:business@arganismeorganics.com\" target=\"_blank\" rel=\"noreferrer noopener\">business@arganismeorganics.com<\/a><\/span><\/p>\n<\/div>\n\n\n\n<div class=\"gb-element-add54a48\"><div class='fluentform ff-default fluentform_wrapper_1 ffs_default_wrap'><form data-form_id=\"1\" id=\"fluentform_1\" class=\"frm-fluent-form fluent_form_1 ff-el-form-top ff_form_instance_1_1 ff-form-loading ffs_default\" data-form_instance=\"ff_form_instance_1_1\" method=\"POST\" ><fieldset  style=\"border: none!important;margin: 0!important;padding: 0!important;background-color: transparent!important;box-shadow: none!important;outline: none!important; min-inline-size: 100%;\">\n                    <legend class=\"ff_screen_reader_title\" style=\"display: block; margin: 0!important;padding: 0!important;height: 0!important;text-indent: -999999px;width: 0!important;overflow:hidden;\">Devis Arganisme Organics<\/legend><input type='hidden' name='__fluent_form_embded_post_id' value='218955' \/><input type=\"hidden\" id=\"_fluentform_1_fluentformnonce\" name=\"_fluentform_1_fluentformnonce\" value=\"b68fd3e00c\" \/><input type=\"hidden\" name=\"_wp_http_referer\" value=\"\/es\/wp-json\/wp\/v2\/pages\/218955\" \/><div data-name=\"ff_cn_id_1\"  class='ff-t-container ff-column-container ff_columns_total_2 '><div class='ff-t-cell ff-t-column-1' style='flex-basis: 50%;'><div data-type=\"name-element\" data-name=\"name\" class=\" ff-field_container ff-name-field-wrapper\" ><div class='ff-t-container'><div class='ff-t-cell '><div class='ff-el-group'><div class=\"ff-el-input--label asterisk-right\"><label for='ff_1_name_last_name_' id='label_ff_1_name_last_name_' >Name<\/label><\/div><div class='ff-el-input--content'><input type=\"text\" name=\"name[last_name]\" id=\"ff_1_name_last_name_\" class=\"ff-el-form-control\" placeholder=\"Name\" aria-invalid=\"false\" aria-required=false><\/div><\/div><\/div><\/div><\/div><\/div><div class='ff-t-cell ff-t-column-2' style='flex-basis: 50%;'><div class='ff-el-group'><div class=\"ff-el-input--label asterisk-right\"><label for='ff_1_company_name' id='label_ff_1_company_name' >Company<\/label><\/div><div class='ff-el-input--content'><input type=\"text\" name=\"company_name\" class=\"ff-el-form-control\" placeholder=\"Company Name\" data-name=\"company_name\" id=\"ff_1_company_name\"  aria-invalid=\"false\" aria-required=false><\/div><\/div><\/div><\/div><div data-name=\"ff_cn_id_2\"  class='ff-t-container ff-column-container ff_columns_total_2 '><div class='ff-t-cell ff-t-column-1' style='flex-basis: 50%;'><div class='ff-el-group'><div class=\"ff-el-input--label ff-el-is-required asterisk-right\"><label for='ff_1_email' id='label_ff_1_email' aria-label=\"Email\">Email<\/label><\/div><div class='ff-el-input--content'><input type=\"email\" name=\"email\" id=\"ff_1_email\" class=\"ff-el-form-control\" placeholder=\"Email Address\" data-name=\"email\"  aria-invalid=\"false\" aria-required=true><\/div><\/div><\/div><div class='ff-t-cell ff-t-column-2' style='flex-basis: 50%;'><div class='ff-el-group'><div class=\"ff-el-input--label ff-el-is-required asterisk-right\"><label for='ff_1_phone_number' id='label_ff_1_phone_number' aria-label=\"Phone Number\">Phone Number<\/label><\/div><div class='ff-el-input--content'><input type=\"text\" name=\"phone_number\" class=\"ff-el-form-control\" placeholder=\"Ex: +212 661...\" data-name=\"phone_number\" id=\"ff_1_phone_number\"  aria-invalid=\"false\" aria-required=true><\/div><\/div><\/div><\/div><div class='ff-el-group'><div class=\"ff-el-input--label ff-el-is-required asterisk-right\"><label for='ff_1_country' id='label_ff_1_country' aria-label=\"Country\">Country<\/label><\/div><div class='ff-el-input--content'><select name=\"country\" id=\"ff_1_country\" class=\"ff-el-form-control ff_has_multi_select\" placeholder=\"Country\" data-name=\"country\" aria-invalid='false' aria-required=true><option value=''>Country<\/option><option value='AF' >Afganist\u00e1n<\/option><option value='AL' >Albania<\/option><option value='DE' >Alemania<\/option><option value='AD' >Andorra<\/option><option value='AO' >Angola<\/option><option value='AI' >Anguilla<\/option><option value='AG' >Antigua y Barbuda<\/option><option value='AQ' >Ant\u00e1rtida<\/option><option value='SA' >Arabia Saudita<\/option><option value='DZ' >Argelia<\/option><option value='AR' >Argentina<\/option><option value='AM' >Armenia<\/option><option value='AW' >Aruba<\/option><option value='AU' >Australia<\/option><option value='AT' >Austria<\/option><option value='AZ' >Azerbaiy\u00e1n<\/option><option value='BS' >Bahamas<\/option><option value='BD' >Banglad\u00e9s<\/option><option value='BB' >Barbados<\/option><option value='BH' >Bar\u00e9in<\/option><option value='BZ' >Belice<\/option><option value='BJ' >Ben\u00edn<\/option><option value='BM' >Bermudas<\/option><option value='BY' >Bielorrusia<\/option><option value='BO' >Bolivia<\/option><option value='BQ' >Bonaire, San Eustaquio y Saba<\/option><option value='BA' >Bosnia y Herzegovina<\/option><option value='BW' >Botsuana<\/option><option value='BR' >Brasil<\/option><option value='BN' >Brun\u00e9i<\/option><option value='BG' >Bulgaria<\/option><option value='BF' >Burkina Faso<\/option><option value='BI' >Burundi<\/option><option value='BT' >But\u00e1n<\/option><option value='BE' >B\u00e9lgica<\/option><option value='CV' >Cabo Verde<\/option><option value='KH' >Camboya<\/option><option value='CM' >Camer\u00fan<\/option><option value='CA' >Canad\u00e1<\/option><option value='TD' >Chad<\/option><option value='CL' >Chile<\/option><option value='CN' >China<\/option><option value='CY' >Chipre<\/option><option value='CO' >Colombia<\/option><option value='KM' >Comoras<\/option><option value='KP' >Corea del Norte<\/option><option value='KR' >Corea del Sur<\/option><option value='CR' >Costa Rica<\/option><option value='CI' >Costa de Marfil<\/option><option value='HR' >Croacia<\/option><option value='CU' >Cuba<\/option><option value='CW' >Curazao<\/option><option value='DK' >Dinamarca<\/option><option value='DM' >Dominica<\/option><option value='EC' >Ecuador<\/option><option value='EG' >Egipto<\/option><option value='SV' >El Salvador<\/option><option value='AE' >Emiratos \u00c1rabes Unidos<\/option><option value='ER' >Eritrea<\/option><option value='SK' >Eslovaquia<\/option><option value='SI' >Eslovenia<\/option><option value='ES' >Espa\u00f1a<\/option><option value='VI' >Estados Unidos (EE.UU.) Islas V\u00edrgenes<\/option><option value='US' >Estados Unidos (EEUU)<\/option><option value='EE' >Estonia<\/option><option value='SZ' >Esuatini<\/option><option value='ET' >Etiop\u00eda<\/option><option value='PH' >Filipinas<\/option><option value='FI' >Finlandia<\/option><option value='FJ' >Fiyi<\/option><option value='FR' >Francia<\/option><option value='GA' >Gab\u00f3n<\/option><option value='GM' >Gambia<\/option><option value='GE' >Georgia<\/option><option value='GH' >Ghana<\/option><option value='GI' >Gibraltar<\/option><option value='GD' >Granada<\/option><option value='GR' >Grecia<\/option><option value='GL' >Groenlandia<\/option><option value='GP' >Guadalupe<\/option><option value='GU' >Guam<\/option><option value='GT' >Guatemala<\/option><option value='GF' >Guayana Francesa<\/option><option value='GG' >Guernsey<\/option><option value='GN' >Guinea<\/option><option value='GQ' >Guinea Ecuatorial<\/option><option value='GW' >Guinea-Bis\u00e1u<\/option><option value='GY' >Guyana<\/option><option value='HT' >Hait\u00ed<\/option><option value='HN' >Honduras<\/option><option value='HK' >Hong Kong<\/option><option value='HU' >Hungr\u00eda<\/option><option value='IN' >India<\/option><option value='ID' >Indonesia<\/option><option value='IQ' >Irak<\/option><option value='IE' >Irlanda<\/option><option value='IR' >Ir\u00e1n<\/option><option value='BV' >Isla Bouvet<\/option><option value='NF' >Isla Norfolk<\/option><option value='SH' >Isla Santa Elena<\/option><option value='IM' >Isla de Man<\/option><option value='CX' >Isla de Navidad<\/option><option value='IS' >Islandia<\/option><option value='AX' >Islas Aland<\/option><option value='KY' >Islas Caim\u00e1n<\/option><option value='CC' >Islas Cocos<\/option><option value='CK' >Islas Cook<\/option><option value='FO' >Islas Feroe<\/option><option value='GS' >Islas Georgias y Sandwich del Sur<\/option><option value='HM' >Islas Heard y McDonald<\/option><option value='FK' >Islas Malvinas<\/option><option value='MP' >Islas Marianas del Norte<\/option><option value='MH' >Islas Marshall<\/option><option value='SB' >Islas Salom\u00f3n<\/option><option value='TC' >Islas Turcas y Caicos<\/option><option value='VG' >Islas V\u00edrgenes Brit\u00e1nicas<\/option><option value='UM' >Islas de ultramar menores de Estados Unidos (EEUU)<\/option><option value='IL' >Israel<\/option><option value='IT' >Italia<\/option><option value='JM' >Jamaica<\/option><option value='JP' >Jap\u00f3n<\/option><option value='JE' >Jersey<\/option><option value='JO' >Jordania<\/option><option value='KZ' >Kazajist\u00e1n<\/option><option value='KE' >Kenia<\/option><option value='KG' >Kirguist\u00e1n<\/option><option value='KI' >Kiribati<\/option><option value='XK' >Kosovo<\/option><option value='KW' >Kuwait<\/option><option value='LA' >Laos<\/option><option value='LS' >Lesoto<\/option><option value='LV' >Letonia<\/option><option value='LR' >Liberia<\/option><option value='LY' >Libia<\/option><option value='LI' >Liechtenstein<\/option><option value='LT' >Lituania<\/option><option value='LU' >Luxemburgo<\/option><option value='LB' >L\u00edbano<\/option><option value='MO' >Macao<\/option><option value='MK' >Macedonia del Norte<\/option><option value='MG' >Madagascar<\/option><option value='MY' >Malasia<\/option><option value='MW' >Malaui<\/option><option value='MV' >Maldivas<\/option><option value='MT' >Malta<\/option><option value='ML' >Mal\u00ed<\/option><option value='MA' >Marruecos<\/option><option value='MQ' >Martinica<\/option><option value='MU' >Mauricio<\/option><option value='MR' >Mauritania<\/option><option value='YT' >Mayotte<\/option><option value='FM' >Micronesia<\/option><option value='MD' >Moldavia<\/option><option value='MN' >Mongolia<\/option><option value='ME' >Montenegro<\/option><option value='MS' >Montserrat<\/option><option value='MZ' >Mozambique<\/option><option value='MM' >Myanmar<\/option><option value='MX' >M\u00e9xico<\/option><option value='MC' >M\u00f3naco<\/option><option value='NA' >Namibia<\/option><option value='NR' >Nauru<\/option><option value='NP' >Nepal<\/option><option value='NI' >Nicaragua<\/option><option value='NG' >Nigeria<\/option><option value='NU' >Niue<\/option><option value='NO' >Noruega<\/option><option value='NC' >Nueva Caledonia<\/option><option value='NZ' >Nueva Zelanda<\/option><option value='NE' >N\u00edger<\/option><option value='OM' >Om\u00e1n<\/option><option value='PK' >Pakist\u00e1n<\/option><option value='PW' >Palaos<\/option><option value='PA' >Panam\u00e1<\/option><option value='PG' >Pap\u00faa Nueva Guinea<\/option><option value='PY' >Paraguay<\/option><option value='NL' >Pa\u00edses Bajos<\/option><option value='PE' >Per\u00fa<\/option><option value='PN' >Pitcairn<\/option><option value='PF' >Polinesia Francesa<\/option><option value='PL' >Polonia<\/option><option value='PT' >Portugal<\/option><option value='PR' >Puerto Rico<\/option><option value='QA' >Qatar<\/option><option value='GB' >Reino Unido (UK)<\/option><option value='CF' >Rep\u00fablica Centroafricana<\/option><option value='CZ' >Rep\u00fablica Checa<\/option><option value='CD' >Rep\u00fablica Democr\u00e1tica del Congo (Kinshasa)<\/option><option value='DO' >Rep\u00fablica Dominicana<\/option><option value='CG' >Rep\u00fablica del Congo (Brazzaville)<\/option><option value='RE' >Reuni\u00f3n<\/option><option value='RW' >Ruanda<\/option><option value='RO' >Rumania<\/option><option value='RU' >Rusia<\/option><option value='EH' >Sahara Occidental<\/option><option value='WS' >Samoa<\/option><option value='AS' >Samoa Americana<\/option><option value='BL' >San Barth\u00e9lemy<\/option><option value='KN' >San Crist\u00f3bal y Nieves<\/option><option value='SM' >San Marino<\/option><option value='SX' >San Mart\u00edn (Pa\u00edses Bajos)<\/option><option value='MF' >San Mart\u00edn (parte de Francia)<\/option><option value='PM' >San Pedro y Miquel\u00f3n<\/option><option value='VC' >San Vicente y las Granadinas<\/option><option value='LC' >Santa Luc\u00eda<\/option><option value='ST' >Santo Tom\u00e9 y Pr\u00edncipe<\/option><option value='SN' >Senegal<\/option><option value='RS' >Serbia<\/option><option value='SC' >Seychelles<\/option><option value='SL' >Sierra Leona<\/option><option value='SG' >Singapur<\/option><option value='SY' >Siria<\/option><option value='SO' >Somalia<\/option><option value='LK' >Sri Lanka<\/option><option value='ZA' >Sud\u00e1frica<\/option><option value='SD' >Sud\u00e1n<\/option><option value='SS' >Sud\u00e1n del Sur<\/option><option value='SE' >Suecia<\/option><option value='CH' >Suiza<\/option><option value='SR' >Surinam<\/option><option value='SJ' >Svalbard y Jan Mayen<\/option><option value='TH' >Tailandia<\/option><option value='TW' >Taiw\u00e1n<\/option><option value='TZ' >Tanzania<\/option><option value='TJ' >Tayikist\u00e1n<\/option><option value='IO' >Territorio Brit\u00e1nico del Oc\u00e9ano \u00cdndico<\/option><option value='PS' >Territorios Palestinos<\/option><option value='TF' >Territorios australes franceses<\/option><option value='TL' >Timor-Leste<\/option><option value='TG' >Togo<\/option><option value='TK' >Tokelau<\/option><option value='TO' >Tonga<\/option><option value='TT' >Trinidad y Tobago<\/option><option value='TM' >Turkmenist\u00e1n<\/option><option value='TR' >Turqu\u00eda<\/option><option value='TV' >Tuvalu<\/option><option value='TN' >T\u00fanez<\/option><option value='UA' >Ucrania<\/option><option value='UG' >Uganda<\/option><option value='UY' >Uruguay<\/option><option value='UZ' >Uzbekist\u00e1n<\/option><option value='VU' >Vanuatu<\/option><option value='VA' >Vaticano<\/option><option value='VE' >Venezuela<\/option><option value='VN' >Vietnam<\/option><option value='WF' >Wallis y Futuna<\/option><option value='YE' >Yemen<\/option><option value='DJ' >Yibuti<\/option><option value='ZM' >Zambia<\/option><option value='ZW' >Zimbabue<\/option><\/select><\/div><\/div><div class='ff-el-group'><div class=\"ff-el-input--label ff-el-is-required asterisk-right\"><label for='ff_1_subject' id='label_ff_1_subject' aria-label=\"Subject\">Subject<\/label><\/div><div class='ff-el-input--content'><input type=\"text\" name=\"subject\" class=\"ff-el-form-control\" placeholder=\"Subject\" data-name=\"subject\" id=\"ff_1_subject\"  aria-invalid=\"false\" aria-required=true><\/div><\/div><div class='ff-el-group'><div class=\"ff-el-input--label ff-el-is-required asterisk-right\"><label for='ff_1_message' id='label_ff_1_message' aria-label=\"Your Message\">Your Message<\/label><\/div><div class='ff-el-input--content'><textarea aria-required=\"true\" aria-labelledby=\"label_ff_1_message\" name=\"message\" id=\"ff_1_message\" class=\"ff-el-form-control\" placeholder=\"Your Message\" rows=\"4\" cols=\"2\" data-name=\"message\" ><\/textarea><\/div><\/div><div class='ff-el-group ff-text-center ff_submit_btn_wrapper'><button type=\"submit\" class=\"ff-btn ff-btn-submit ff-btn-md ff_btn_style wpf_has_custom_css\"  aria-label=\"Request My Wholesale Quote\">Request My Wholesale Quote<\/button><\/div><\/fieldset><\/form><div id='fluentform_1_errors' class='ff-errors-in-stack ff_form_instance_1_1 ff-form-loading_errors ff_form_instance_1_1_errors'><\/div><\/div>            <script type=\"text\/javascript\">\n                window.fluent_form_ff_form_instance_1_1 = {\"id\":\"1\",\"ajaxUrl\":\"https:\\\/\\\/www.arganismeorganics.com\\\/wp-admin\\\/admin-ajax.php\",\"settings\":{\"layout\":{\"labelPlacement\":\"top\",\"helpMessagePlacement\":\"with_label\",\"errorMessagePlacement\":\"inline\",\"cssClassName\":\"\",\"asteriskPlacement\":\"asterisk-right\"},\"restrictions\":{\"denyEmptySubmission\":{\"enabled\":false}}},\"form_instance\":\"ff_form_instance_1_1\",\"form_id_selector\":\"fluentform_1\",\"rules\":{\"name[first_name]\":{\"required\":{\"value\":false,\"message\":\"This field is required\",\"global\":false,\"global_message\":\"Ce champ est obligatoire\"}},\"name[middle_name]\":{\"required\":{\"value\":false,\"message\":\"This field is required\",\"global\":false,\"global_message\":\"Ce champ est obligatoire\"}},\"name[last_name]\":{\"required\":{\"value\":false,\"message\":\"This field is required\",\"global\":false,\"global_message\":\"Ce champ est obligatoire\"}},\"company_name\":{\"required\":{\"value\":false,\"message\":\"This field is required\",\"global\":false,\"global_message\":\"Ce champ est obligatoire\"}},\"email\":{\"required\":{\"value\":true,\"message\":\"This field is required\",\"global\":false,\"global_message\":\"Ce champ est obligatoire\"},\"email\":{\"value\":true,\"message\":\"This field must contain a valid email\",\"global\":false,\"global_message\":\"Ce champ doit contenir un e-mail valide\"}},\"phone_number\":{\"required\":{\"value\":true,\"message\":\"Este campo es obligatorio\",\"global_message\":\"Ce champ est obligatoire\",\"global\":true}},\"country\":{\"required\":{\"value\":true,\"message\":\"Este campo es obligatorio\",\"global_message\":\"Ce champ est obligatoire\",\"global\":true}},\"subject\":{\"required\":{\"value\":true,\"message\":\"This field is required\",\"global\":false,\"global_message\":\"Ce champ est obligatoire\"}},\"message\":{\"required\":{\"value\":true,\"message\":\"This field is required\",\"global\":false,\"global_message\":\"Ce champ est obligatoire\"}}},\"debounce_time\":300};\n                            <\/script>\n            \n<\/div>\n<\/section>\n<\/div>\n","protected":false},"excerpt":{"rendered":"<p>Como productor directo marroqu\u00ed, ofrecemos aceite de arg\u00e1n cosm\u00e9tico premium para marcas globales. Cont\u00e1ctanos hoy mismo para un presupuesto personalizado de soluciones al por mayor, mayoristas o de marca propia . Contacta con nuestra f\u00e1brica de aceite de arg\u00e1n en Marruecos Env\u00eda tus requisitos a continuaci\u00f3n para recibir una propuesta detallada de aceite de arg\u00e1n &#8230; <a title=\"Obt\u00e9n un presupuesto de aceite de arg\u00e1n a granel | Programa de Socios Mayoristas\" class=\"read-more\" href=\"https:\/\/www.arganismeorganics.com\/es\/obten-un-presupuesto-de-aceite-de-argan-a-granel-programa-de-socios-mayoristas\/\" aria-label=\"Leer m\u00e1s sobre Obt\u00e9n un presupuesto de aceite de arg\u00e1n a granel | Programa de Socios Mayoristas\">Leer m\u00e1s<\/a><\/p>\n","protected":false},"author":2,"featured_media":0,"parent":0,"menu_order":0,"comment_status":"closed","ping_status":"closed","template":"","meta":{"footnotes":""},"class_list":["post-218955","page","type-page","status-publish"],"_links":{"self":[{"href":"https:\/\/www.arganismeorganics.com\/es\/wp-json\/wp\/v2\/pages\/218955","targetHints":{"allow":["GET"]}}],"collection":[{"href":"https:\/\/www.arganismeorganics.com\/es\/wp-json\/wp\/v2\/pages"}],"about":[{"href":"https:\/\/www.arganismeorganics.com\/es\/wp-json\/wp\/v2\/types\/page"}],"author":[{"embeddable":true,"href":"https:\/\/www.arganismeorganics.com\/es\/wp-json\/wp\/v2\/users\/2"}],"replies":[{"embeddable":true,"href":"https:\/\/www.arganismeorganics.com\/es\/wp-json\/wp\/v2\/comments?post=218955"}],"version-history":[{"count":0,"href":"https:\/\/www.arganismeorganics.com\/es\/wp-json\/wp\/v2\/pages\/218955\/revisions"}],"wp:attachment":[{"href":"https:\/\/www.arganismeorganics.com\/es\/wp-json\/wp\/v2\/media?parent=218955"}],"curies":[{"name":"wp","href":"https:\/\/api.w.org\/{rel}","templated":true}]}}