{"id":218933,"date":"2020-02-26T19:25:29","date_gmt":"2020-02-26T19:25:29","guid":{"rendered":"https:\/\/www.arganismeorganics.com\/arganisme-organics-productor-lider-de-aceite-de-argan-en-marruecos-desde-2007\/"},"modified":"2026-03-31T19:56:29","modified_gmt":"2026-03-31T19:56:29","slug":"arganisme-organics-productor-lider-de-aceite-de-argan-en-marruecos-desde-2007","status":"publish","type":"page","link":"https:\/\/www.arganismeorganics.com\/es\/arganisme-organics-productor-lider-de-aceite-de-argan-en-marruecos-desde-2007\/","title":{"rendered":"Arganisme Organics: Productor l\u00edder de aceite de arg\u00e1n en Marruecos desde 2007"},"content":{"rendered":"\n<div class=\"gb-element-6377575a\">\n<p class=\"gb-text gb-text-7a62aa53\"><br>Somos una empresa familiar y un referente en la <strong>producci\u00f3n de aceite de arg\u00e1n <\/strong>en Marruecos. Para nosotros, el arg\u00e1n no es solo un producto, sino un patrimonio que compartimos con el mundo mediante pr\u00e1cticas \u00e9ticas y sostenibles.<br> <\/p>\n<\/div>\n\n<section class=\"gb-element-566e5468\">\n<div class=\"gb-element-1cfccebd\">\n<h2 class=\"gb-text gb-text-73253972\">De la aldea de Imintlit a la exportaci\u00f3n global<\/h2>\n\n\n\n<p><strong>Fundados en 2007<\/strong> en el coraz\u00f3n de la Arganeraie, hemos pasado de ser un proyecto familiar local a <strong>convertirse en un l\u00edder mundial<\/strong>, gestionando ahora <strong>el 10% de la producci\u00f3n nacional de aceite de arg\u00e1n de Marruecos<\/strong>.<\/p>\n<\/div>\n\n\n\n<div class=\"gb-element-2145e0a8\">\n<img loading=\"lazy\" decoding=\"async\" width=\"800\" height=\"436\" class=\"gb-media-1af0c38a\" src=\"https:\/\/www.arganismeorganics.com\/wp-content\/uploads\/2026\/02\/argan-oil-cooperative-essaouira-morocco.webp\" alt=\"Planta profesional de producci\u00f3n de aceite de arg\u00e1n en Essaouira, Marruecos, cumpliendo con las normas internacionales de exportaci\u00f3n ecol\u00f3gica.\" title=\"Unidad de Producci\u00f3n de Exportaci\u00f3n Arganisme\" srcset=\"https:\/\/www.arganismeorganics.com\/wp-content\/uploads\/2026\/02\/argan-oil-cooperative-essaouira-morocco.webp 800w, https:\/\/www.arganismeorganics.com\/wp-content\/uploads\/2026\/02\/argan-oil-cooperative-essaouira-morocco-300x164.webp 300w, https:\/\/www.arganismeorganics.com\/wp-content\/uploads\/2026\/02\/argan-oil-cooperative-essaouira-morocco-768x419.webp 768w\" sizes=\"auto, (max-width: 800px) 100vw, 800px\" \/>\n<\/div>\n<\/section>\n\n<div class=\"gb-element-83230e60\">\n<h2 class=\"gb-text gb-text-cfd4a1c7\">Nuestra autoridad probada como productor marroqu\u00ed de aceite de arg\u00e1n<\/h2>\n\n\n\n<div class=\"gb-element-8eb4216d\">\n<div class=\"gb-element-00005084\">\n<p class=\"gb-text gb-text-d5e06dc3\">2007<\/p>\n\n\n\n<p class=\"gb-text gb-text-eb91d07f\">Fundaci\u00f3n en Essaouira<\/p>\n<\/div>\n\n\n\n<div class=\"gb-element-922d64f2\">\n<p class=\"gb-text gb-text-d36658d1\">100+ toneladas<\/p>\n\n\n\n<p class=\"gb-text gb-text-99be3c74\">Producci\u00f3n anual<\/p>\n<\/div>\n\n\n\n<div class=\"gb-element-bef6a9db\">\n<p class=\"gb-text gb-text-c599f4b3\">30+ empleados<\/p>\n\n\n\n<p class=\"gb-text gb-text-8ac96604\">Apoyo de la comunidad local<\/p>\n<\/div>\n\n\n\n<div class=\"gb-element-5202f82d\">\n<p class=\"gb-text gb-text-57d43ded\">Certificado<\/p>\n\n\n\n<p class=\"gb-text gb-text-2a2a380b\">USDA Org\u00e1nico y ECOCERT<\/p>\n<\/div>\n<\/div>\n<\/div>\n\n<div class=\"gb-element-727a1eb9\">\n<h2 class=\"gb-text gb-text-f565f606\">\u00bfPor qu\u00e9 asociarse con un productor directo?<\/h2>\n\n\n\n<p class=\"gb-text gb-text-fbe7be36\">Al eliminar intermediarios innecesarios, ofrecemos una cadena de suministro m\u00e1s transparente, \u00e9tica y rentable.<\/p>\n\n\n\n<div class=\"gb-element-39adc13c\">\n<div class=\"gb-element-fc41c061\">\n<div class=\"gb-text gb-text-90cf5778\">La Forma Tradicional<\/div>\n\n\n\n<div class=\"gb-element-0000e34d\">\n<div class=\"gb-text-f4f8f967\"><span class=\"gb-shape\"><svg xmlns=\"http:\/\/www.w3.org\/2000\/svg\" aria-hidden=\"true\" role=\"img\" viewbox=\"0 0 352 512\"><path fill=\"currentColor\" d=\"M242.72 256l100.07-100.07c12.28-12.28 12.28-32.19 0-44.48l-22.24-22.24c-12.28-12.28-32.19-12.28-44.48 0L176 189.28 75.93 89.21c-12.28-12.28-32.19-12.28-44.48 0L9.21 111.45c-12.28 12.28-12.28 32.19 0 44.48L109.28 256 9.21 356.07c-12.28 12.28-12.28 32.19 0 44.48l22.24 22.24c12.28 12.28 32.19 12.28 44.48 0L176 322.72l100.07 100.07c12.28 12.28 32.19 12.28 44.48 0l22.24-22.24c12.28-12.28 12.28-32.19 0-44.48L242.72 256z\"><\/path><\/svg><\/span><span class=\"gb-text\">Bosque de Arg\u00e1n<\/span><\/div>\n\n\n\n<div class=\"gb-text-8fad3829\"><span class=\"gb-shape\"><svg xmlns=\"http:\/\/www.w3.org\/2000\/svg\" aria-hidden=\"true\" role=\"img\" height=\"1em\" width=\"1em\" viewbox=\"0 0 448 512\"><path fill=\"currentColor\" d=\"M207.029 381.476L12.686 187.132c-9.373-9.373-9.373-24.569 0-33.941l22.667-22.667c9.357-9.357 24.522-9.375 33.901-.04L224 284.505l154.745-154.021c9.379-9.335 24.544-9.317 33.901.04l22.667 22.667c9.373 9.373 9.373 24.569 0 33.941L240.971 381.476c-9.373 9.372-24.569 9.372-33.942 0z\"><\/path><\/svg><\/span><\/div>\n\n\n\n<div class=\"gb-text-436ddf4c\"><span class=\"gb-shape\"><svg xmlns=\"http:\/\/www.w3.org\/2000\/svg\" aria-hidden=\"true\" role=\"img\" viewbox=\"0 0 352 512\"><path fill=\"currentColor\" d=\"M242.72 256l100.07-100.07c12.28-12.28 12.28-32.19 0-44.48l-22.24-22.24c-12.28-12.28-32.19-12.28-44.48 0L176 189.28 75.93 89.21c-12.28-12.28-32.19-12.28-44.48 0L9.21 111.45c-12.28 12.28-12.28 32.19 0 44.48L109.28 256 9.21 356.07c-12.28 12.28-12.28 32.19 0 44.48l22.24 22.24c12.28 12.28 32.19 12.28 44.48 0L176 322.72l100.07 100.07c12.28 12.28 32.19 12.28 44.48 0l22.24-22.24c12.28-12.28 12.28-32.19 0-44.48L242.72 256z\"><\/path><\/svg><\/span><span class=\"gb-text\">Comerciantes locales<\/span><\/div>\n\n\n\n<div class=\"gb-text-75b17a18\"><span class=\"gb-shape\"><svg xmlns=\"http:\/\/www.w3.org\/2000\/svg\" aria-hidden=\"true\" role=\"img\" height=\"1em\" width=\"1em\" viewbox=\"0 0 448 512\"><path fill=\"currentColor\" d=\"M207.029 381.476L12.686 187.132c-9.373-9.373-9.373-24.569 0-33.941l22.667-22.667c9.357-9.357 24.522-9.375 33.901-.04L224 284.505l154.745-154.021c9.379-9.335 24.544-9.317 33.901.04l22.667 22.667c9.373 9.373 9.373 24.569 0 33.941L240.971 381.476c-9.373 9.372-24.569 9.372-33.942 0z\"><\/path><\/svg><\/span><\/div>\n\n\n\n<div class=\"gb-text-c2630cfb\"><span class=\"gb-shape\"><svg xmlns=\"http:\/\/www.w3.org\/2000\/svg\" aria-hidden=\"true\" role=\"img\" viewbox=\"0 0 352 512\"><path fill=\"currentColor\" d=\"M242.72 256l100.07-100.07c12.28-12.28 12.28-32.19 0-44.48l-22.24-22.24c-12.28-12.28-32.19-12.28-44.48 0L176 189.28 75.93 89.21c-12.28-12.28-32.19-12.28-44.48 0L9.21 111.45c-12.28 12.28-12.28 32.19 0 44.48L109.28 256 9.21 356.07c-12.28 12.28-12.28 32.19 0 44.48l22.24 22.24c12.28 12.28 32.19 12.28 44.48 0L176 322.72l100.07 100.07c12.28 12.28 32.19 12.28 44.48 0l22.24-22.24c12.28-12.28 12.28-32.19 0-44.48L242.72 256z\"><\/path><\/svg><\/span><span class=\"gb-text\">Centros de Recogida<\/span><\/div>\n\n\n\n<div class=\"gb-text-24cadc7f\"><span class=\"gb-shape\"><svg xmlns=\"http:\/\/www.w3.org\/2000\/svg\" aria-hidden=\"true\" role=\"img\" height=\"1em\" width=\"1em\" viewbox=\"0 0 448 512\"><path fill=\"currentColor\" d=\"M207.029 381.476L12.686 187.132c-9.373-9.373-9.373-24.569 0-33.941l22.667-22.667c9.357-9.357 24.522-9.375 33.901-.04L224 284.505l154.745-154.021c9.379-9.335 24.544-9.317 33.901.04l22.667 22.667c9.373 9.373 9.373 24.569 0 33.941L240.971 381.476c-9.373 9.372-24.569 9.372-33.942 0z\"><\/path><\/svg><\/span><\/div>\n\n\n\n<div class=\"gb-text-6d6e606e\"><span class=\"gb-shape\"><svg xmlns=\"http:\/\/www.w3.org\/2000\/svg\" aria-hidden=\"true\" role=\"img\" viewbox=\"0 0 352 512\"><path fill=\"currentColor\" d=\"M242.72 256l100.07-100.07c12.28-12.28 12.28-32.19 0-44.48l-22.24-22.24c-12.28-12.28-32.19-12.28-44.48 0L176 189.28 75.93 89.21c-12.28-12.28-32.19-12.28-44.48 0L9.21 111.45c-12.28 12.28-12.28 32.19 0 44.48L109.28 256 9.21 356.07c-12.28 12.28-12.28 32.19 0 44.48l22.24 22.24c12.28 12.28 32.19 12.28 44.48 0L176 322.72l100.07 100.07c12.28 12.28 32.19 12.28 44.48 0l22.24-22.24c12.28-12.28 12.28-32.19 0-44.48L242.72 256z\"><\/path><\/svg><\/span><span class=\"gb-text\">Corredores de exportaci\u00f3n<\/span><\/div>\n\n\n\n<div class=\"gb-text-2685f693\"><span class=\"gb-shape\"><svg xmlns=\"http:\/\/www.w3.org\/2000\/svg\" aria-hidden=\"true\" role=\"img\" height=\"1em\" width=\"1em\" viewbox=\"0 0 448 512\"><path fill=\"currentColor\" d=\"M207.029 381.476L12.686 187.132c-9.373-9.373-9.373-24.569 0-33.941l22.667-22.667c9.357-9.357 24.522-9.375 33.901-.04L224 284.505l154.745-154.021c9.379-9.335 24.544-9.317 33.901.04l22.667 22.667c9.373 9.373 9.373 24.569 0 33.941L240.971 381.476c-9.373 9.372-24.569 9.372-33.942 0z\"><\/path><\/svg><\/span><\/div>\n\n\n\n<div class=\"gb-text-f02f5115\"><span class=\"gb-shape\"><svg xmlns=\"http:\/\/www.w3.org\/2000\/svg\" aria-hidden=\"true\" role=\"img\" viewbox=\"0 0 352 512\"><path fill=\"currentColor\" d=\"M242.72 256l100.07-100.07c12.28-12.28 12.28-32.19 0-44.48l-22.24-22.24c-12.28-12.28-32.19-12.28-44.48 0L176 189.28 75.93 89.21c-12.28-12.28-32.19-12.28-44.48 0L9.21 111.45c-12.28 12.28-12.28 32.19 0 44.48L109.28 256 9.21 356.07c-12.28 12.28-12.28 32.19 0 44.48l22.24 22.24c12.28 12.28 32.19 12.28 44.48 0L176 322.72l100.07 100.07c12.28 12.28 32.19 12.28 44.48 0l22.24-22.24c12.28-12.28 12.28-32.19 0-44.48L242.72 256z\"><\/path><\/svg><\/span><span class=\"gb-text\">Distribuidores internacionales<\/span><\/div>\n\n\n\n<div class=\"gb-text-d305f795\"><span class=\"gb-shape\"><svg xmlns=\"http:\/\/www.w3.org\/2000\/svg\" aria-hidden=\"true\" role=\"img\" height=\"1em\" width=\"1em\" viewbox=\"0 0 448 512\"><path fill=\"currentColor\" d=\"M207.029 381.476L12.686 187.132c-9.373-9.373-9.373-24.569 0-33.941l22.667-22.667c9.357-9.357 24.522-9.375 33.901-.04L224 284.505l154.745-154.021c9.379-9.335 24.544-9.317 33.901.04l22.667 22.667c9.373 9.373 9.373 24.569 0 33.941L240.971 381.476c-9.373 9.372-24.569 9.372-33.942 0z\"><\/path><\/svg><\/span><\/div>\n\n\n\n<div class=\"gb-text-0b5a6f6c\"><span class=\"gb-shape\"><svg xmlns=\"http:\/\/www.w3.org\/2000\/svg\" aria-hidden=\"true\" role=\"img\" viewbox=\"0 0 352 512\"><path fill=\"currentColor\" d=\"M242.72 256l100.07-100.07c12.28-12.28 12.28-32.19 0-44.48l-22.24-22.24c-12.28-12.28-32.19-12.28-44.48 0L176 189.28 75.93 89.21c-12.28-12.28-32.19-12.28-44.48 0L9.21 111.45c-12.28 12.28-12.28 32.19 0 44.48L109.28 256 9.21 356.07c-12.28 12.28-12.28 32.19 0 44.48l22.24 22.24c12.28 12.28 32.19 12.28 44.48 0L176 322.72l100.07 100.07c12.28 12.28 32.19 12.28 44.48 0l22.24-22.24c12.28-12.28 12.28-32.19 0-44.48L242.72 256z\"><\/path><\/svg><\/span><span class=\"gb-text\">YOU (Precio M\u00e1s Alto)<\/span><\/div>\n<\/div>\n\n\n\n<div class=\"gb-text gb-text-763b6e45\">Costes m\u00e1s altos, menos trazabilidad, sin garant\u00edas<\/div>\n<\/div>\n\n\n\n<div class=\"gb-element-31efba2d\">\n<div class=\"gb-text gb-text-971813c6\">El Camino Arganisme<\/div>\n\n\n\n<div class=\"gb-element-91039d65\">\n<div class=\"gb-text-45bb80b6\"><span class=\"gb-shape\"><svg xmlns=\"http:\/\/www.w3.org\/2000\/svg\" aria-hidden=\"true\" role=\"img\" height=\"1em\" width=\"1em\" viewbox=\"0 0 448 512\"><path fill=\"currentColor\" d=\"M400 480H48c-26.51 0-48-21.49-48-48V80c0-26.51 21.49-48 48-48h352c26.51 0 48 21.49 48 48v352c0 26.51-21.49 48-48 48zm-204.686-98.059l184-184c6.248-6.248 6.248-16.379 0-22.627l-22.627-22.627c-6.248-6.248-16.379-6.249-22.628 0L184 302.745l-70.059-70.059c-6.248-6.248-16.379-6.248-22.628 0l-22.627 22.627c-6.248 6.248-6.248 16.379 0 22.627l104 104c6.249 6.25 16.379 6.25 22.628.001z\"><\/path><\/svg><\/span><span class=\"gb-text\">Nuestros campos de arg\u00e1n<\/span><\/div>\n\n\n\n<div class=\"gb-text-0cf869b9\"><span class=\"gb-shape\"><svg xmlns=\"http:\/\/www.w3.org\/2000\/svg\" aria-hidden=\"true\" role=\"img\" height=\"1em\" width=\"1em\" viewbox=\"0 0 448 512\"><path fill=\"currentColor\" d=\"M207.029 381.476L12.686 187.132c-9.373-9.373-9.373-24.569 0-33.941l22.667-22.667c9.357-9.357 24.522-9.375 33.901-.04L224 284.505l154.745-154.021c9.379-9.335 24.544-9.317 33.901.04l22.667 22.667c9.373 9.373 9.373 24.569 0 33.941L240.971 381.476c-9.373 9.372-24.569 9.372-33.942 0z\"><\/path><\/svg><\/span><\/div>\n\n\n\n<div class=\"gb-text-17ed443d\"><span class=\"gb-shape\"><svg xmlns=\"http:\/\/www.w3.org\/2000\/svg\" aria-hidden=\"true\" role=\"img\" height=\"1em\" width=\"1em\" viewbox=\"0 0 448 512\"><path fill=\"currentColor\" d=\"M400 480H48c-26.51 0-48-21.49-48-48V80c0-26.51 21.49-48 48-48h352c26.51 0 48 21.49 48 48v352c0 26.51-21.49 48-48 48zm-204.686-98.059l184-184c6.248-6.248 6.248-16.379 0-22.627l-22.627-22.627c-6.248-6.248-16.379-6.249-22.628 0L184 302.745l-70.059-70.059c-6.248-6.248-16.379-6.248-22.628 0l-22.627 22.627c-6.248 6.248-6.248 16.379 0 22.627l104 104c6.249 6.25 16.379 6.25 22.628.001z\"><\/path><\/svg><\/span><span class=\"gb-text\">Nuestra f\u00e1brica marroqu\u00ed  <\/span><\/div>\n\n\n\n<div class=\"gb-text-f4f1f18a\"><span class=\"gb-shape\"><svg xmlns=\"http:\/\/www.w3.org\/2000\/svg\" aria-hidden=\"true\" role=\"img\" height=\"1em\" width=\"1em\" viewbox=\"0 0 448 512\"><path fill=\"currentColor\" d=\"M207.029 381.476L12.686 187.132c-9.373-9.373-9.373-24.569 0-33.941l22.667-22.667c9.357-9.357 24.522-9.375 33.901-.04L224 284.505l154.745-154.021c9.379-9.335 24.544-9.317 33.901.04l22.667 22.667c9.373 9.373 9.373 24.569 0 33.941L240.971 381.476c-9.373 9.372-24.569 9.372-33.942 0z\"><\/path><\/svg><\/span><\/div>\n\n\n\n<div class=\"gb-text-8f006a98\"><span class=\"gb-shape\"><svg xmlns=\"http:\/\/www.w3.org\/2000\/svg\" aria-hidden=\"true\" role=\"img\" height=\"1em\" width=\"1em\" viewbox=\"0 0 448 512\"><path fill=\"currentColor\" d=\"M400 480H48c-26.51 0-48-21.49-48-48V80c0-26.51 21.49-48 48-48h352c26.51 0 48 21.49 48 48v352c0 26.51-21.49 48-48 48zm-204.686-98.059l184-184c6.248-6.248 6.248-16.379 0-22.627l-22.627-22.627c-6.248-6.248-16.379-6.249-22.628 0L184 302.745l-70.059-70.059c-6.248-6.248-16.379-6.248-22.628 0l-22.627 22.627c-6.248 6.248-6.248 16.379 0 22.627l104 104c6.249 6.25 16.379 6.25 22.628.001z\"><\/path><\/svg><\/span><span class=\"gb-text\">YOU (Precio Directo)<\/span><\/div>\n<\/div>\n\n\n\n<div class=\"gb-text gb-text-93b05462\">Mejores precios, trazabilidad total, pureza garantizada<\/div>\n<\/div>\n<\/div>\n\n\n\n<span class=\"gb-shape gb-shape-98b99484 gb-shape--divider\"><svg xmlns=\"http:\/\/www.w3.org\/2000\/svg\" viewbox=\"0 0 1440 320\">\n  <path fill=\"#F6F3EC\" fill-opacity=\"1\" d=\"M0,192L20,165.3C40,139,80,85,120,96C160,107,200,181,240,229.3C280,277,320,299,360,282.7C400,267,440,213,480,165.3C520,117,560,75,600,74.7C640,75,680,117,720,133.3C760,149,800,139,840,128C880,117,920,107,960,106.7C1000,107,1040,117,1080,122.7C1120,128,1160,128,1200,160C1240,192,1280,256,1320,240C1360,224,1400,128,1420,80L1440,32L1440,320L1420,320C1400,320,1360,320,1320,320C1280,320,1240,320,1200,320C1160,320,1120,320,1080,320C1040,320,1000,320,960,320C920,320,880,320,840,320C800,320,760,320,720,320C680,320,640,320,600,320C560,320,520,320,480,320C440,320,400,320,360,320C320,320,280,320,240,320C200,320,160,320,120,320C80,320,40,320,20,320L0,320Z\"><\/path>\n<\/svg><\/span>\n<\/div>\n\n<section class=\"gb-element-7308bf9c\">\n<div class=\"gb-element-815f8def\">\n<h2 class=\"gb-text gb-text-4569b55b\">\u00bfBuscas un presupuesto mayorista o informaci\u00f3n sobre el producto?<\/h2>\n\n\n\n<a class=\"gb-text-d54ac0f8\" href=\"https:\/\/www.arganismeorganics.com\/es\/obten-un-presupuesto-de-aceite-de-argan-a-granel-programa-de-socios-mayoristas\/\"><span class=\"gb-text\">CONTACTA  <\/span><span class=\"gb-shape\"><svg xmlns=\"http:\/\/www.w3.org\/2000\/svg\" viewbox=\"0 0 512 512\" width=\"1em\" height=\"1em\" aria-hidden=\"true\"><path d=\"M440 6.5L24 246.4c-34.4 19.9-31.1 70.8 5.7 85.9L144 379.6V464c0 46.4 59.2 65.5 86.6 28.6l43.8-59.1 111.9 46.2c5.9 2.4 12.1 3.6 18.3 3.6 8.2 0 16.3-2.1 23.6-6.2 12.8-7.2 21.6-20 23.9-34.5l59.4-387.2c6.1-40.1-36.9-68.8-71.5-48.9zM192 464v-64.6l36.6 15.1L192 464zm212.6-28.7l-153.8-63.5L391 169.5c10.7-15.5-9.5-33.5-23.7-21.2L155.8 332.6 48 288 464 48l-59.4 387.3z\" fill=\"currentColor\"><\/path><\/svg><\/span><\/a>\n<\/div>\n<\/section>\n","protected":false},"excerpt":{"rendered":"<p>Somos una empresa familiar y un referente en la producci\u00f3n de aceite de arg\u00e1n en Marruecos. Para nosotros, el arg\u00e1n no es solo un producto, sino un patrimonio que compartimos con el mundo mediante pr\u00e1cticas \u00e9ticas y sostenibles. De la aldea de Imintlit a la exportaci\u00f3n global Fundados en 2007 en el coraz\u00f3n de la &#8230; <a title=\"Arganisme Organics: Productor l\u00edder de aceite de arg\u00e1n en Marruecos desde 2007\" class=\"read-more\" href=\"https:\/\/www.arganismeorganics.com\/es\/arganisme-organics-productor-lider-de-aceite-de-argan-en-marruecos-desde-2007\/\" aria-label=\"Leer m\u00e1s sobre Arganisme Organics: Productor l\u00edder de aceite de arg\u00e1n en Marruecos desde 2007\">Leer m\u00e1s<\/a><\/p>\n","protected":false},"author":2,"featured_media":0,"parent":0,"menu_order":0,"comment_status":"closed","ping_status":"closed","template":"","meta":{"footnotes":""},"class_list":["post-218933","page","type-page","status-publish"],"_links":{"self":[{"href":"https:\/\/www.arganismeorganics.com\/es\/wp-json\/wp\/v2\/pages\/218933","targetHints":{"allow":["GET"]}}],"collection":[{"href":"https:\/\/www.arganismeorganics.com\/es\/wp-json\/wp\/v2\/pages"}],"about":[{"href":"https:\/\/www.arganismeorganics.com\/es\/wp-json\/wp\/v2\/types\/page"}],"author":[{"embeddable":true,"href":"https:\/\/www.arganismeorganics.com\/es\/wp-json\/wp\/v2\/users\/2"}],"replies":[{"embeddable":true,"href":"https:\/\/www.arganismeorganics.com\/es\/wp-json\/wp\/v2\/comments?post=218933"}],"version-history":[{"count":0,"href":"https:\/\/www.arganismeorganics.com\/es\/wp-json\/wp\/v2\/pages\/218933\/revisions"}],"wp:attachment":[{"href":"https:\/\/www.arganismeorganics.com\/es\/wp-json\/wp\/v2\/media?parent=218933"}],"curies":[{"name":"wp","href":"https:\/\/api.w.org\/{rel}","templated":true}]}}