{"id":218927,"date":"2020-02-13T14:18:56","date_gmt":"2020-02-13T14:18:56","guid":{"rendered":"https:\/\/www.arganismeorganics.com\/proveedor-mayorista-de-aceite-de-argan-marroqui-aceites-naturales-e-ingredientes-a-granel\/"},"modified":"2026-03-30T16:35:57","modified_gmt":"2026-03-30T16:35:57","slug":"proveedor-mayorista-de-aceite-de-argan-marroqui-aceites-naturales-e-ingredientes-a-granel","status":"publish","type":"page","link":"https:\/\/www.arganismeorganics.com\/es\/proveedor-mayorista-de-aceite-de-argan-marroqui-aceites-naturales-e-ingredientes-a-granel\/","title":{"rendered":"Proveedor mayorista de aceite de arg\u00e1n marroqu\u00ed | Aceites naturales e ingredientes a granel"},"content":{"rendered":"\n<div class=\"gb-element-c0916db9\">\n<div class=\"gb-element-afe5ea7c\">\n<p class=\"gb-text gb-text-a4c8cbd9\">Obtenemos productos de alta calidad directamente de nuestra cooperativa en Essaouira, Marruecos. Nos especializamos en la <strong>venta mayorista de aceite de arg\u00e1n<\/strong> de alto volumen, <strong>suministro de semillas de nopal<\/strong> y soluciones <strong>de exportaci\u00f3n mayorista<\/strong> adaptadas a las industrias internacional de cosm\u00e9tica, farmac\u00e9utica y alimentaci\u00f3n. <a href=\"https:\/\/www.arganismeorganics.com\/es\/servicios-de-aceite-de-argan-marroqui-marca-propia-produccion-a-granel-y-fabricacion-por-contrato\/\" data-type=\"page\" data-id=\"18050\">Descubre m\u00e1s sobre nuestros servicios mayoristas de aceite de arg\u00e1n.<\/a> <\/p>\n<\/div>\n\n\n\n<div class=\"gb-element-f8f7d5ed\">\n<h2 class=\"gb-text gb-text-6dcf9170\">Suministro a granel de aceite de arg\u00e1n<\/h2>\n\n\n\n<p class=\"gb-text gb-text-a5c1da4b\">Como proveedor l\u00edder de <strong>aceite de arg\u00e1n a granel<\/strong>, ofrecemos aceite extra virgen 100% puro, org\u00e1nico y prensado en fr\u00edo. Producidos en nuestra planta certificada de fabricaci\u00f3n en Marruecos, garantizamos la trazabilidad completa de la cadena de suministro, desde la cosecha sostenible de frutos secos hasta la exportaci\u00f3n mayorista global para las industrias cosm\u00e9tica y alimentaria. <\/p>\n\n\n\n<div class=\"gb-element-6acb3556\">\n<div class=\"gb-element-7d212712\">\n<img loading=\"lazy\" decoding=\"async\" width=\"1280\" height=\"955\" class=\"gb-media-30aedb4c\" alt=\"Arganisme Organics certificado por envases al mayorista de aceite de arg\u00e1n org\u00e1nico certificados por Arganisme Organics de Marruecos: bidones de 5L, 10L y 20L con tambores de 200L y una bolsa IBC de 1000L.\" title=\"Aceite de arg\u00e1n org\u00e1nico certificado Arganisme Organics - Envase a granel (5L-1000L IBC)\" src=\"https:\/\/www.arganismeorganics.com\/wp-content\/uploads\/2026\/03\/bulk-argan-oil-wholesale-morocco-industrial-arganisme.webp\" srcset=\"https:\/\/www.arganismeorganics.com\/wp-content\/uploads\/2026\/03\/bulk-argan-oil-wholesale-morocco-industrial-arganisme.webp 1280w, https:\/\/www.arganismeorganics.com\/wp-content\/uploads\/2026\/03\/bulk-argan-oil-wholesale-morocco-industrial-arganisme-300x224.webp 300w, https:\/\/www.arganismeorganics.com\/wp-content\/uploads\/2026\/03\/bulk-argan-oil-wholesale-morocco-industrial-arganisme-1024x764.webp 1024w, https:\/\/www.arganismeorganics.com\/wp-content\/uploads\/2026\/03\/bulk-argan-oil-wholesale-morocco-industrial-arganisme-768x573.webp 768w\" sizes=\"auto, (max-width: 1280px) 100vw, 1280px\" \/>\n<\/div>\n\n\n\n<div class=\"gb-element-df99be50\">\n<div class=\"gb-element-add6ad4f\">\n<h3 class=\"gb-text gb-text-d02eada5\"><strong>Aceite de arg\u00e1n cosm\u00e9tico org\u00e1nico (virgen):<\/strong><\/h3>\n\n\n\n<p class=\"gb-text gb-text-76e0d82c\">  Aceite puro, prensado en fr\u00edo, con su aroma caracter\u00edstico natural. Ideal para rituales tradicionales de belleza. <\/p>\n<\/div>\n\n\n\n<div class=\"gb-element-d85fd7bd\">\n<h3 class=\"gb-text gb-text-1b4ce945\"><strong>Aceite de arg\u00e1n desodorizado (refinado o sin refinar):<\/strong><\/h3>\n\n\n\n<p class=\"gb-text gb-text-cefd5228\">  Tratado para eliminar el aroma y preservar sus propiedades cosm\u00e9ticas. Ideal para formulaciones de cuidado facial de alta gama. <\/p>\n<\/div>\n\n\n\n<div class=\"gb-element-5e309929\">\n<h3 class=\"gb-text gb-text-679bf774\"><strong>Aceite de arg\u00e1n culinario org\u00e1nico<\/strong>:<\/h3>\n\n\n\n<p class=\"gb-text gb-text-1bebc141\">  Ligeramente tostado para un sabor rico y a frutos secos. Un superalimento gourmet para la industria alimentaria. <\/p>\n<\/div>\n\n\n\n<div class=\"gb-element-2fc1fe13\">\n<p class=\"gb-text gb-text-d41dfa68\"><em><em>Embalaje disponible:<\/em><\/em><\/p>\n\n\n\n<p class=\"gb-text gb-text-048b2d8a\">Retail y marca privada: 30, 50, 100, 250, 500 ml<br>Mayorista: 1, 5, 10, 25, 50, 100L<br>Industrial: Tambores de 200L y <strong>contenedores IBC<\/strong> de 1000L<\/p>\n<\/div>\n\n\n\n<p class=\"gb-text gb-text-fb0f2e22\">Certificaciones: Totalmente cumple con los est\u00e1ndares EcoCert y USDA Organic.<\/p>\n\n\n\n<a class=\"gb-text gb-text-eeed36cc\" href=\"https:\/\/www.arganismeorganics.com\/es\/obten-un-presupuesto-de-aceite-de-argan-a-granel-programa-de-socios-mayoristas\/\">Solicitar precios mayoristas de arg\u00e1n  &gt;<\/a>\n<\/div>\n<\/div>\n<\/div>\n\n\n\n<div class=\"gb-element-f451797a\">\n<h2 class=\"gb-text gb-text-c59841ac\">Aceite de Semillas de Espina al Por Mayor<\/h2>\n\n\n\n<p class=\"gb-text gb-text-960d20a3\">Reconocido como una potencia de lujo antienvejecimiento, nuestro Aceite de <strong>Semillas de Espina Marroqu\u00ed<\/strong> (Opuntia Ficus Indica) es 100% puro, org\u00e1nico y prensado en fr\u00edo. Como <strong>proveedor l\u00edder de grandes quantidades de Marruecos<\/strong>, ofrecemos este aceite con concentraciones excepcionalmente altas de vitamina E y Sterols, el ingrediente definitivo para formulaciones cosm\u00e9ticas de alta gama y marcas de marca propia. <\/p>\n\n\n\n<div class=\"gb-element-89bd4be7\">\n<div class=\"gb-element-42deb163\">\n<img loading=\"lazy\" decoding=\"async\" width=\"1280\" height=\"955\" class=\"gb-media-8ab82d03\" alt=\"Envases mayoristas de aceite de nopal de Arganisme Organics de Marruecos: bidones de 5L, 10L y 20L con tambores de 200L y un contenedor IBC de 1000L.\" title=\"Arganisme Organics Envasado a granel de aceite de nopal de nopal (5L\u2013IBC)\" src=\"https:\/\/www.arganismeorganics.com\/wp-content\/uploads\/2026\/03\/prickly-pear-seed-oil-wholesale-arganisme.webp\" srcset=\"https:\/\/www.arganismeorganics.com\/wp-content\/uploads\/2026\/03\/prickly-pear-seed-oil-wholesale-arganisme.webp 1280w, https:\/\/www.arganismeorganics.com\/wp-content\/uploads\/2026\/03\/prickly-pear-seed-oil-wholesale-arganisme-300x224.webp 300w, https:\/\/www.arganismeorganics.com\/wp-content\/uploads\/2026\/03\/prickly-pear-seed-oil-wholesale-arganisme-1024x764.webp 1024w, https:\/\/www.arganismeorganics.com\/wp-content\/uploads\/2026\/03\/prickly-pear-seed-oil-wholesale-arganisme-768x573.webp 768w\" sizes=\"auto, (max-width: 1280px) 100vw, 1280px\" \/>\n<\/div>\n\n\n\n<div class=\"gb-element-cea2fb5c\">\n<div class=\"gb-element-4b1b9917\">\n<h3 class=\"gb-text gb-text-30c8ce53\"><strong>Calidad pura y potente<\/strong>:<\/h3>\n\n\n\n<p class=\"gb-text gb-text-dbefc983\">  Nuestro proceso de extracci\u00f3n preserva la integridad total de las semillas, asegurando un aceite ligero, no grasiento y con potentes propiedades antioxidantes.<\/p>\n<\/div>\n\n\n\n<div class=\"gb-element-a97623b5\">\n<h3 class=\"gb-text gb-text-82caf36f\">Consistencia B2B:<\/h3>\n\n\n\n<p class=\"gb-text gb-text-b7b33bdb\">  Suministramos lotes consistentes con calidad estable, dise\u00f1ados para la adquisici\u00f3n B2B a largo plazo y pedidos repetidos.<\/p>\n<\/div>\n\n\n\n<div class=\"gb-element-180226a5\">\n<h3 class=\"gb-text gb-text-d7561bad\">Promesa lista para exportar:<\/h3>\n\n\n\n<p class=\"gb-text gb-text-fcb965af\">  Suministro listo para exportaci\u00f3n desde Marruecos con manejo profesional de granel, embalaje seguro y opciones de env\u00edo a nivel mundial.<\/p>\n<\/div>\n\n\n\n<div class=\"gb-element-3809049f\">\n<p class=\"gb-text gb-text-191a66d9\"><em>Embalaje disponible:<\/em><\/p>\n\n\n\n<p class=\"gb-text gb-text-ef7d3977\">Retail y marca blanca: 5ml, 10ml, 15ml, 30ml, 50ml.<br>Granel y profesional: envases de 100ml, 250ml, 500ml, 1L, 5L.<\/p>\n<\/div>\n\n\n\n<p class=\"gb-text gb-text-01a634d4\">Certificaciones: Totalmente cumple con los est\u00e1ndares EcoCert y USDA Organic.<\/p>\n\n\n\n<a class=\"gb-text gb-text-23a9e8a7\" href=\"https:\/\/www.arganismeorganics.com\/es\/obten-un-presupuesto-de-aceite-de-argan-a-granel-programa-de-socios-mayoristas\/\">Pide un presupuesto  &gt;<\/a>\n<\/div>\n<\/div>\n<\/div>\n\n\n\n<div class=\"gb-element-4aae8ab7\">\n<h2 class=\"gb-text gb-text-afe77659\">Aceites esenciales marroqu\u00edes<\/h2>\n\n\n\n<p class=\"gb-text gb-text-598c15a6\">Ampl\u00eda tu marca con nuestros <strong>hidrosoles marroqu\u00edes al por mayor<\/strong> y aguas florales destiladas al vapor. Procedentes de las mejores flores locales, nuestros <strong>aceites esenciales a<\/strong> granel son 100% naturales, sin aditivos y conservan toda la esencia bot\u00e1nica. Como <strong>fabricante directo<\/strong>, proporcionamos un suministro constante a profesionales de est\u00e9tica y aromaterapia de todo el mundo.  <\/p>\n\n\n\n<div class=\"gb-element-b012270d\">\n<div class=\"gb-element-ac770bb8\">\n<img loading=\"lazy\" decoding=\"async\" width=\"1280\" height=\"955\" class=\"gb-media-5025b863\" alt=\"Arganisme Organics al por mayor hidrosoles marroqu\u00edes y aceites esenciales en bidones HDPE (5L-20L): rosa, neroli, cedro, romero.\" title=\"Arganisme Organics - Hidrosoles y aceites esenciales marroqu\u00edes al por mayor (5L-20L)\" src=\"https:\/\/www.arganismeorganics.com\/wp-content\/uploads\/2026\/03\/arganisme-organics-moroccan-hydrosols-essential-oils-wholesale-jerrycans-5l-10l-20l.webp\" srcset=\"https:\/\/www.arganismeorganics.com\/wp-content\/uploads\/2026\/03\/arganisme-organics-moroccan-hydrosols-essential-oils-wholesale-jerrycans-5l-10l-20l.webp 1280w, https:\/\/www.arganismeorganics.com\/wp-content\/uploads\/2026\/03\/arganisme-organics-moroccan-hydrosols-essential-oils-wholesale-jerrycans-5l-10l-20l-300x224.webp 300w, https:\/\/www.arganismeorganics.com\/wp-content\/uploads\/2026\/03\/arganisme-organics-moroccan-hydrosols-essential-oils-wholesale-jerrycans-5l-10l-20l-1024x764.webp 1024w, https:\/\/www.arganismeorganics.com\/wp-content\/uploads\/2026\/03\/arganisme-organics-moroccan-hydrosols-essential-oils-wholesale-jerrycans-5l-10l-20l-768x573.webp 768w\" sizes=\"auto, (max-width: 1280px) 100vw, 1280px\" \/>\n<\/div>\n\n\n\n<div class=\"gb-element-af923718\">\n<div class=\"gb-element-ad1b6c45\">\n<h3 class=\"gb-text gb-text-45414261\"><strong>Hidrosol de rosas marroqu\u00edes (Rosa Damascena<\/strong> ):<\/h3>\n\n\n\n<p class=\"gb-text gb-text-3b3e54fb\"> <strong>Hidrosol de rosa al por mayor<\/strong> puro (Rosa Damascena). Una <strong>materia prima<\/strong> premium para formulaciones profesionales de t\u00f3nicos faciales y cuidado de la piel. <\/p>\n<\/div>\n\n\n\n<div class=\"gb-element-7d6df100\">\n<h3 class=\"gb-text gb-text-8c4c1442\"><strong><strong>Hidrosol de azahar marroqu\u00ed (Neroli<\/strong><\/strong> ):<\/h3>\n\n\n\n<p class=\"gb-text gb-text-2f5c951a\">Agua de Neroli marroqu\u00ed. Ingrediente arom\u00e1tico a granel para bases cosm\u00e9ticas de lujo y tratamientos rejuvenecedores para la piel. <\/p>\n<\/div>\n\n\n\n<div class=\"gb-element-3af702ec\">\n<h3 class=\"gb-text gb-text-62bddcf7\"><strong><strong><strong>Aceites esenciales puros<\/strong><\/strong><\/strong> :<\/h3>\n\n\n\n<p class=\"gb-text gb-text-f6a03b65\"><strong>Aceites esenciales marroqu\u00edes a granel<\/strong> (cedro, romero, &#8230;). Ingredientes puros para aromaterapia y fabricaci\u00f3n industrial de cosm\u00e9ticos. <\/p>\n<\/div>\n\n\n\n<div class=\"gb-element-733b2c7d\">\n<p class=\"gb-text gb-text-6fb6165f\"><em><em>Disponible en diferentes envases y tama\u00f1os.<\/em><\/em><\/p>\n<\/div>\n\n\n\n<p class=\"gb-text gb-text-82a72cf7\">Certificaciones: Totalmente cumple con los est\u00e1ndares EcoCert y USDA Organic.<\/p>\n\n\n\n<a class=\"gb-text gb-text-4ecf5ca4\" href=\"https:\/\/www.arganismeorganics.com\/es\/obten-un-presupuesto-de-aceite-de-argan-a-granel-programa-de-socios-mayoristas\/\">Pide un presupuesto  &gt;<\/a>\n<\/div>\n<\/div>\n<\/div>\n\n\n\n<div class=\"gb-element-ee18036e\">\n<h2 class=\"gb-text gb-text-c7c30fba\">Hammam y Spa tradicional marroqu\u00ed al por mayor<\/h2>\n\n\n\n<p class=\"gb-text gb-text-a3097437\">Fuente el coraz\u00f3n del ritual de bienestar marroqu\u00ed. Ofrecemos <strong>productos de spa al por mayor<\/strong> y <strong>materias primas<\/strong> aut\u00e9nticas utilizadas en hammams tradicionales, garantizando calidad profesional para la exportaci\u00f3n global. <\/p>\n\n\n\n<div class=\"gb-element-2d12c67d\">\n<div class=\"gb-element-5449c3bf\">\n<img loading=\"lazy\" decoding=\"async\" width=\"1280\" height=\"955\" class=\"gb-media-ad775497\" alt=\"Productos mayoristas de hammam marroqu\u00ed de Arganisme Organics: jab\u00f3n negro (Beldi), arcilla Ghassoul y henna verde en envases a granel listos para exportaci\u00f3n.\" title=\"Productos tradicionales marroqu\u00edes de hammam y spa | Arganisme Organics Wholesale\" src=\"https:\/\/www.arganismeorganics.com\/wp-content\/uploads\/2026\/03\/arganisme-organics-wholesale-moroccan-black-soap-beldi-ghassoul-clay-henna-3kg-2kg-1kg.webp\" srcset=\"https:\/\/www.arganismeorganics.com\/wp-content\/uploads\/2026\/03\/arganisme-organics-wholesale-moroccan-black-soap-beldi-ghassoul-clay-henna-3kg-2kg-1kg.webp 1280w, https:\/\/www.arganismeorganics.com\/wp-content\/uploads\/2026\/03\/arganisme-organics-wholesale-moroccan-black-soap-beldi-ghassoul-clay-henna-3kg-2kg-1kg-300x224.webp 300w, https:\/\/www.arganismeorganics.com\/wp-content\/uploads\/2026\/03\/arganisme-organics-wholesale-moroccan-black-soap-beldi-ghassoul-clay-henna-3kg-2kg-1kg-1024x764.webp 1024w, https:\/\/www.arganismeorganics.com\/wp-content\/uploads\/2026\/03\/arganisme-organics-wholesale-moroccan-black-soap-beldi-ghassoul-clay-henna-3kg-2kg-1kg-768x573.webp 768w\" sizes=\"auto, (max-width: 1280px) 100vw, 1280px\" \/>\n<\/div>\n\n\n\n<div class=\"gb-element-1e0f7cf0\">\n<div class=\"gb-element-cfbaea20\">\n<h3 class=\"gb-text gb-text-1edcfe43\"><strong><strong>Jab\u00f3n negro marroqu\u00ed (Beldi)<\/strong><\/strong><\/h3>\n\n\n\n<p class=\"gb-text gb-text-c11097f5\">: <strong>Jab\u00f3n negro tradicional al por mayor<\/strong>. Una base 100% natural a granel para tratamientos profesionales de spa y l\u00edneas exfoliantes para el cuidado de la piel. <\/p>\n<\/div>\n\n\n\n<div class=\"gb-element-93e90829\">\n<h3 class=\"gb-text gb-text-5ad1a22a\"><strong><strong>Arcilla Ghassoul (Polvo y Pasta)<\/strong><\/strong><\/h3>\n\n\n\n<p class=\"gb-text gb-text-fc0914c9\">: <strong>Aut\u00e9ntica Ghassoul marroqu\u00ed<\/strong>. Ingrediente a granel rico en minerales para desintoxicar envolturas corporales y la fabricaci\u00f3n industrial de cosm\u00e9ticos. <\/p>\n<\/div>\n\n\n\n<div class=\"gb-element-15f1cf35\">\n<h3 class=\"gb-text gb-text-faacd030\"><strong><strong><strong>Henna verde natural<\/strong><\/strong><\/strong><\/h3>\n\n\n\n<p class=\"gb-text gb-text-9fc163d7\">: Polvo bot\u00e1nico puro. <strong>Suministro mayorista<\/strong> de alta calidad para formulaciones naturales para el cabello y arte corporal profesional. <\/p>\n<\/div>\n\n\n\n<div class=\"gb-element-b7f3fcf1\">\n<p class=\"gb-text gb-text-a2c55b23\"><em><em>Disponible en diferentes envases y tama\u00f1os.<\/em><\/em><\/p>\n<\/div>\n\n\n\n<a class=\"gb-text gb-text-65871df4\" href=\"https:\/\/www.arganismeorganics.com\/es\/obten-un-presupuesto-de-aceite-de-argan-a-granel-programa-de-socios-mayoristas\/\">Pide un presupuesto  &gt;<\/a>\n<\/div>\n<\/div>\n<\/div>\n\n\n\n<div class=\"gb-element-e198f0df\">\n<h2 class=\"gb-text gb-text-9d9850c6\">Ingredientes culinarios marroqu\u00edes aut\u00e9nticos: al por mayor y a granel<\/h2>\n\n\n\n<p class=\"gb-text gb-text-898d9878\">Eleva tu l\u00ednea de alimentos con productos marroqu\u00edes de primera calidad. Suministramos <strong>aceite de arg\u00e1n culinario al por mayor<\/strong> e ingredientes gourmet aut\u00e9nticos, obtenidos directamente de productores locales para garantizar el sabor y la pureza tradicionales. <\/p>\n\n\n\n<div class=\"gb-element-1134d762\">\n<div class=\"gb-element-df8faeb9\">\n<img loading=\"lazy\" decoding=\"async\" width=\"1280\" height=\"955\" class=\"gb-media-2c0a0d65\" alt=\"Ingredientes culinarios marroqu\u00edes de Arganisme Organics al por mayor: bid\u00f3n de aceite de arg\u00e1n culinario de 5L, tarro de 1 kg de amlou y bolsillo de azafr\u00e1n Taliouine AOP (250 g) para exportaci\u00f3n B2B.\" title=\"Arganisme Organics - Ingredientes culinarios marroqu\u00edes al por mayor (aceite de arg\u00e1n, amlou, azafr\u00e1n)\" src=\"https:\/\/www.arganismeorganics.com\/wp-content\/uploads\/2026\/03\/arganisme-organics-moroccan-culinary-ingredients-wholesale-argan-oil-amlou-saffron-5l-1kg-250g.webp\" srcset=\"https:\/\/www.arganismeorganics.com\/wp-content\/uploads\/2026\/03\/arganisme-organics-moroccan-culinary-ingredients-wholesale-argan-oil-amlou-saffron-5l-1kg-250g.webp 1280w, https:\/\/www.arganismeorganics.com\/wp-content\/uploads\/2026\/03\/arganisme-organics-moroccan-culinary-ingredients-wholesale-argan-oil-amlou-saffron-5l-1kg-250g-300x224.webp 300w, https:\/\/www.arganismeorganics.com\/wp-content\/uploads\/2026\/03\/arganisme-organics-moroccan-culinary-ingredients-wholesale-argan-oil-amlou-saffron-5l-1kg-250g-1024x764.webp 1024w, https:\/\/www.arganismeorganics.com\/wp-content\/uploads\/2026\/03\/arganisme-organics-moroccan-culinary-ingredients-wholesale-argan-oil-amlou-saffron-5l-1kg-250g-768x573.webp 768w\" sizes=\"auto, (max-width: 1280px) 100vw, 1280px\" \/>\n<\/div>\n\n\n\n<div class=\"gb-element-12abe2dc\">\n<div class=\"gb-element-ac9389a2\">\n<h3 class=\"gb-text gb-text-3ba3b93e\"><strong><strong><strong>Aceite de arg\u00e1n culinario<\/strong><\/strong><\/strong><\/h3>\n\n\n\n<p class=\"gb-text gb-text-4aa3e967\">  : <strong>Aceite de arg\u00e1n culinario al por mayor<\/strong> puro. Ligeramente tostado y prensado en fr\u00edo para la fabricaci\u00f3n de alimentos gourmet y el suministro en restaurantes. <\/p>\n<\/div>\n\n\n\n<div class=\"gb-element-7e29cd0f\">\n<h3 class=\"gb-text gb-text-30c2da42\"><strong><strong>Miel Marroqu\u00ed &amp; Amlou<\/strong><\/strong><\/h3>\n\n\n\n<p class=\"gb-text gb-text-1c2fd1f5\">: <strong>Crema tradicional de Amlou<\/strong> y mieles florales puras. Ingredientes naturales premium para marcas minoristas y catering. <\/p>\n<\/div>\n\n\n\n<div class=\"gb-element-bfccb3b9\">\n<h3 class=\"gb-text gb-text-e77c59cf\"><strong><strong><strong>Azafr\u00e1n de Taliouine (AOP)<\/strong><\/strong><\/strong><\/h3>\n\n\n\n<p class=\"gb-text gb-text-6d5e54c2\">  : <strong>Azafr\u00e1n aut\u00e9ntico al por mayor<\/strong> de Taliouine. Especias de alta pureza para la cocina gourmet y extractos farmac\u00e9uticos premium. <\/p>\n<\/div>\n\n\n\n<div class=\"gb-element-f8b5f86c\">\n<p class=\"gb-text gb-text-ac4de46a\"><em><em>Disponible en diferentes envases y tama\u00f1os.<\/em><\/em><\/p>\n<\/div>\n\n\n\n<a class=\"gb-text gb-text-fb0e2f8e\" href=\"https:\/\/www.arganismeorganics.com\/es\/obten-un-presupuesto-de-aceite-de-argan-a-granel-programa-de-socios-mayoristas\/\">Pide un presupuesto  &gt;<\/a>\n<\/div>\n<\/div>\n<\/div>\n\n\n\n<div class=\"gb-element-56d0470c\">\n<h2 class=\"gb-text gb-text-61e278eb\">Formulaci\u00f3n de marca propia y cosm\u00e9ticos personalizados<\/h2>\n\n\n\n<p class=\"gb-text gb-text-f50e76cb\">Escala tu marca con nuestra experiencia en I&amp;D. Ofrecemos fabricaci\u00f3n por contrato de servicio completo para productos de cuidado de la piel de alta gama, aprovechando nuestros ingredientes marroqu\u00edes puros para crear f\u00f3rmulas listas para el mercado y conformes. <\/p>\n\n\n\n<div class=\"gb-element-da59cbfe\">\n<div class=\"gb-element-62361902\">\n<img loading=\"lazy\" decoding=\"async\" width=\"800\" height=\"800\" class=\"gb-media-33c82e7b\" alt=\"Fabricaci\u00f3n de cosm\u00e9ticos de marca propia y producci\u00f3n por contrato en Marruecos.\" title=\"Fabricaci\u00f3n de cosm\u00e9ticos de marca propia en Marruecos\" src=\"https:\/\/www.arganismeorganics.com\/wp-content\/uploads\/2026\/02\/private-label-cosmetic-manufacturing-morocco.webp\" srcset=\"https:\/\/www.arganismeorganics.com\/wp-content\/uploads\/2026\/02\/private-label-cosmetic-manufacturing-morocco.webp 800w, https:\/\/www.arganismeorganics.com\/wp-content\/uploads\/2026\/02\/private-label-cosmetic-manufacturing-morocco-300x300.webp 300w, https:\/\/www.arganismeorganics.com\/wp-content\/uploads\/2026\/02\/private-label-cosmetic-manufacturing-morocco-150x150.webp 150w, https:\/\/www.arganismeorganics.com\/wp-content\/uploads\/2026\/02\/private-label-cosmetic-manufacturing-morocco-768x768.webp 768w\" sizes=\"auto, (max-width: 800px) 100vw, 800px\" \/>\n<\/div>\n\n\n\n<div class=\"gb-element-b46324fa\">\n<div class=\"gb-element-03353fed\">\n<h3 class=\"gb-text gb-text-1f32db41\"><strong><strong><strong><strong>Soluciones para el cuidado del cabello<\/strong><\/strong><\/strong><\/strong><\/h3>\n\n\n\n<p class=\"gb-text gb-text-e15567c5\">  : Desde <strong>champ\u00fas al por mayor<\/strong> hasta mascarillas nutritivas. Producci\u00f3n a medida para salones profesionales de peluquer\u00eda y marcas minoristas. <\/p>\n<\/div>\n\n\n\n<div class=\"gb-element-090e2d2c\">\n<h3 class=\"gb-text gb-text-00d34d9e\"><strong><strong>Cuidado del cuerpo y la piel<\/strong><\/strong><\/h3>\n\n\n\n<p class=\"gb-text gb-text-6d31b60e\">  : Cremas, emulsiones y exfoliantes de marca propia de alta calidad. Fabricamos productos de alto rendimiento utilizando nuestras bases marroqu\u00edes de alta calidad. <\/p>\n<\/div>\n\n\n\n<a class=\"gb-text gb-text-f92eb841\" href=\"https:\/\/www.arganismeorganics.com\/es\/obten-un-presupuesto-de-aceite-de-argan-a-granel-programa-de-socios-mayoristas\/\">Consulta gratuita  &gt;<\/a>\n<\/div>\n<\/div>\n<\/div>\n<\/div>\n","protected":false},"excerpt":{"rendered":"<p>Obtenemos productos de alta calidad directamente de nuestra cooperativa en Essaouira, Marruecos. Nos especializamos en la venta mayorista de aceite de arg\u00e1n de alto volumen, suministro de semillas de nopal y soluciones de exportaci\u00f3n mayorista adaptadas a las industrias internacional de cosm\u00e9tica, farmac\u00e9utica y alimentaci\u00f3n. Descubre m\u00e1s sobre nuestros servicios mayoristas de aceite de arg\u00e1n. &#8230; <a title=\"Proveedor mayorista de aceite de arg\u00e1n marroqu\u00ed | Aceites naturales e ingredientes a granel\" class=\"read-more\" href=\"https:\/\/www.arganismeorganics.com\/es\/proveedor-mayorista-de-aceite-de-argan-marroqui-aceites-naturales-e-ingredientes-a-granel\/\" aria-label=\"Leer m\u00e1s sobre Proveedor mayorista de aceite de arg\u00e1n marroqu\u00ed | Aceites naturales e ingredientes a granel\">Leer m\u00e1s<\/a><\/p>\n","protected":false},"author":2,"featured_media":0,"parent":0,"menu_order":0,"comment_status":"closed","ping_status":"closed","template":"","meta":{"footnotes":""},"class_list":["post-218927","page","type-page","status-publish"],"_links":{"self":[{"href":"https:\/\/www.arganismeorganics.com\/es\/wp-json\/wp\/v2\/pages\/218927","targetHints":{"allow":["GET"]}}],"collection":[{"href":"https:\/\/www.arganismeorganics.com\/es\/wp-json\/wp\/v2\/pages"}],"about":[{"href":"https:\/\/www.arganismeorganics.com\/es\/wp-json\/wp\/v2\/types\/page"}],"author":[{"embeddable":true,"href":"https:\/\/www.arganismeorganics.com\/es\/wp-json\/wp\/v2\/users\/2"}],"replies":[{"embeddable":true,"href":"https:\/\/www.arganismeorganics.com\/es\/wp-json\/wp\/v2\/comments?post=218927"}],"version-history":[{"count":0,"href":"https:\/\/www.arganismeorganics.com\/es\/wp-json\/wp\/v2\/pages\/218927\/revisions"}],"wp:attachment":[{"href":"https:\/\/www.arganismeorganics.com\/es\/wp-json\/wp\/v2\/media?parent=218927"}],"curies":[{"name":"wp","href":"https:\/\/api.w.org\/{rel}","templated":true}]}}