{"id":218923,"date":"2020-02-26T19:24:34","date_gmt":"2020-02-26T19:24:34","guid":{"rendered":"https:\/\/www.arganismeorganics.com\/servicios-de-aceite-de-argan-marroqui-marca-propia-produccion-a-granel-y-fabricacion-por-contrato\/"},"modified":"2026-03-30T16:35:21","modified_gmt":"2026-03-30T16:35:21","slug":"servicios-de-aceite-de-argan-marroqui-marca-propia-produccion-a-granel-y-fabricacion-por-contrato","status":"publish","type":"page","link":"https:\/\/www.arganismeorganics.com\/es\/servicios-de-aceite-de-argan-marroqui-marca-propia-produccion-a-granel-y-fabricacion-por-contrato\/","title":{"rendered":"Servicios de Aceite de Arg\u00e1n Marroqu\u00ed: Marca Propia, Producci\u00f3n a granel y Fabricaci\u00f3n por Contrato"},"content":{"rendered":"\n<div>\n<section class=\"gb-element-a0f16848\">\n<div class=\"gb-element-2831643c\">\n<h2 class=\"gb-text gb-text-fb746361\">Fabricaci\u00f3n por contrato y servicios de exportaci\u00f3n a granel de Argan Oil<\/h2>\n<\/div>\n\n\n\n<div class=\"gb-element-45e0926d\">\n<p>Transforma tu visi\u00f3n cosm\u00e9tica en realidad con un socio fabricante marroqu\u00ed certificado. Vamos m\u00e1s all\u00e1 del suministro de ingredientes org\u00e1nicos: ofrecemos soluciones B2B integrales, incluyendo embotellado de marca propia (OEM\/ODM), envases personalizados y abastecimiento industrial a granel. Con nuestra cadena de suministro totalmente integrada, estricto control de calidad en laboratorios y experiencia log\u00edstica global, entregamos productos listos para exportaci\u00f3n directamente desde nuestra instalaci\u00f3n hasta tu almac\u00e9n.  <br\/><\/p>\n<\/div>\n<\/section>\n\n\n\n<section class=\"gb-element-b204c18c\">\n<div class=\"gb-element-6f4aff04\">\n<img loading=\"lazy\" decoding=\"async\" width=\"1200\" height=\"896\" class=\"gb-media-4f2293cd\" alt=\"Aceite de arg\u00e1n al por mayor de arriba de Marruecos: bidones de 5L, 10L y 20L con bidones de 200L y un contenedor IBC de 1000L, suministro listo para exportaci\u00f3n (Arganisme).\" title=\"Proveedor mayorista de aceite de arg\u00e1n a granel \u2013 Envases para exportaci\u00f3n (5L-1000L IBC) | Arganismo\" src=\"https:\/\/www.arganismeorganics.com\/wp-content\/uploads\/2026\/03\/argan-oil-wholesale-packaging-5l-10l-20l-200l-drums-1000l-ibc-morocco-arganisme.webp\" srcset=\"https:\/\/www.arganismeorganics.com\/wp-content\/uploads\/2026\/03\/argan-oil-wholesale-packaging-5l-10l-20l-200l-drums-1000l-ibc-morocco-arganisme.webp 1200w, https:\/\/www.arganismeorganics.com\/wp-content\/uploads\/2026\/03\/argan-oil-wholesale-packaging-5l-10l-20l-200l-drums-1000l-ibc-morocco-arganisme-300x224.webp 300w, https:\/\/www.arganismeorganics.com\/wp-content\/uploads\/2026\/03\/argan-oil-wholesale-packaging-5l-10l-20l-200l-drums-1000l-ibc-morocco-arganisme-1024x765.webp 1024w, https:\/\/www.arganismeorganics.com\/wp-content\/uploads\/2026\/03\/argan-oil-wholesale-packaging-5l-10l-20l-200l-drums-1000l-ibc-morocco-arganisme-768x573.webp 768w\" sizes=\"auto, (max-width: 1200px) 100vw, 1200px\" \/>\n<\/div>\n\n\n\n<div class=\"gb-element-7f2cd246\">\n<h2 class=\"gb-text gb-text-cc6564af\">Obtenci\u00f3n al por mayor y Mayorista de aceite de arg\u00e1n<\/h2>\n\n\n\n<p>Colaborar con un <a href=\"https:\/\/www.arganismeorganics.com\/es\/arganisme-organics-productor-lider-de-aceite-de-argan-en-marruecos-desde-2007\/\" data-type=\"page\" data-id=\"18053\">fabricante marroqu\u00ed<\/a> certificado para aceite de arg\u00e1n org\u00e1nico de alta calidad y de alto volumen. Gestionamos toda la cadena de suministro, desde la obtenci\u00f3n sostenible hasta tu almac\u00e9n, asegurando una calidad constante y precios estables para las industrias cosm\u00e9tica y alimentaria. <\/p>\n\n\n\n<ul class=\"wp-block-list\">\n<li><strong>Embalaje industrial:<\/strong> Disponible en bidones HDPE de 5L, 10L, 20L, tambores de acero de 200L y cajas IBC de 1000L.<\/li>\n\n\n\n<li><strong>Calidad certificada:<\/strong> 100% pura, prensada en fr\u00edo, aprobada por USDA Organic, EcoCert y ONSA.<\/li>\n\n\n\n<li><strong>Documentaci\u00f3n t\u00e9cnica:<\/strong> COA (Certificado de An\u00e1lisis), MSDS, Certificados Org\u00e1nicos y documentos fitosanitarios proporcionados con cada lote.<\/li>\n\n\n\n<li><strong>Garant\u00eda de frescura:<\/strong> Almacenamiento con control de temperatura y extracci\u00f3n bajo demanda para maximizar la vida \u00fatil.<\/li>\n<\/ul>\n\n\n\n<div class=\"gb-element-e35cca16\">\n<a class=\"gb-text-e5ea9c34\" href=\"https:\/\/www.arganismeorganics.com\/es\/obten-un-presupuesto-de-aceite-de-argan-a-granel-programa-de-socios-mayoristas\/\"><span class=\"gb-text\">Obt\u00e9n precios mayoristas<\/span><span class=\"gb-shape\"><svg xmlns=\"http:\/\/www.w3.org\/2000\/svg\" viewbox=\"0 0 256 512\" width=\"1em\" height=\"1em\" aria-hidden=\"true\"><path d=\"M224.3 273l-136 136c-9.4 9.4-24.6 9.4-33.9 0l-22.6-22.6c-9.4-9.4-9.4-24.6 0-33.9l96.4-96.4-96.4-96.4c-9.4-9.4-9.4-24.6 0-33.9L54.3 103c9.4-9.4 24.6-9.4 33.9 0l136 136c9.5 9.4 9.5 24.6.1 34z\" fill=\"currentColor\"><\/path><\/svg><\/span><\/a>\n<\/div>\n<\/div>\n<\/section>\n\n\n\n<section class=\"gb-element-07dcc085\">\n<div class=\"gb-element-5e265dec\">\n<h2 class=\"gb-text gb-text-ce2bd57a\">FABRICACI\u00d3N DE MARCA PROPIA Y CONTRATO (OEM\/ODM)<\/h2>\n\n\n\n<p>Lanza o ampl\u00eda tu marca de cosm\u00e9ticos sin problemas. Nuestros servicios integrales de fabricaci\u00f3n por contrato cubren desde formulaciones personalizadas hasta embotellado y envasado premium, totalmente adaptados a la identidad de tu marca. <\/p>\n\n\n\n<ul class=\"wp-block-list\">\n<li><strong>MOQ flexibles:<\/strong> Cantidades m\u00ednimas de pedido accesibles para ayudarte a probar y escalar en tu mercado.<\/li>\n\n\n\n<li><strong>Contenedores personalizados:<\/strong> Amplia selecci\u00f3n de botellas de vidrio \u00e1mbar, envases PET, cuentagotas y bombas (o suministra los tuyos propios).<\/li>\n\n\n\n<li><strong>Etiquetado premium:<\/strong> Etiquetas impermeables de PP\/PE, serigraf\u00eda directa y cajas plegables exteriores personalizadas.<\/li>\n\n\n\n<li><strong>Cumplimiento normativo:<\/strong> Soporte de etiquetado conforme a la UE\/FDA y estricto control de calidad antes del env\u00edo.<\/li>\n<\/ul>\n\n\n\n<div class=\"gb-element-88aba55a\">\n<a class=\"gb-text-57669334\" href=\"https:\/\/www.arganismeorganics.com\/es\/obten-un-presupuesto-de-aceite-de-argan-a-granel-programa-de-socios-mayoristas\/\"><span class=\"gb-text\">Empieza mi marca privada<\/span><span class=\"gb-shape\"><svg xmlns=\"http:\/\/www.w3.org\/2000\/svg\" viewbox=\"0 0 256 512\" width=\"1em\" height=\"1em\" aria-hidden=\"true\"><path d=\"M224.3 273l-136 136c-9.4 9.4-24.6 9.4-33.9 0l-22.6-22.6c-9.4-9.4-9.4-24.6 0-33.9l96.4-96.4-96.4-96.4c-9.4-9.4-9.4-24.6 0-33.9L54.3 103c9.4-9.4 24.6-9.4 33.9 0l136 136c9.5 9.4 9.5 24.6.1 34z\" fill=\"currentColor\"><\/path><\/svg><\/span><\/a>\n<\/div>\n<\/div>\n\n\n\n<div class=\"gb-element-851b1031\">\n<img loading=\"lazy\" decoding=\"async\" width=\"1200\" height=\"896\" class=\"gb-media-a7b125d9\" alt=\"Gama de cosm\u00e9ticos OEM de marca propia al por mayor de Marruecos: aceite de arg\u00e1n 50 ml, aceite de nopal de espina 30 ml, champ\u00fa 250 ml, loci\u00f3n corporal 100 ml y s\u00e9rum facial de 30 ml con COA, MSDS y certificado org\u00e1nico - Arganisme.\" title=\"Fabricaci\u00f3n de cosm\u00e9ticos OEM de marca blanca\/ODM en Marruecos | Arganismo\" src=\"https:\/\/www.arganismeorganics.com\/wp-content\/uploads\/2026\/03\/private-label-oem-argan-oil-prickly-pear-shampoo-body-lotion-serum-morocco-arganisme.webp\" srcset=\"https:\/\/www.arganismeorganics.com\/wp-content\/uploads\/2026\/03\/private-label-oem-argan-oil-prickly-pear-shampoo-body-lotion-serum-morocco-arganisme.webp 1200w, https:\/\/www.arganismeorganics.com\/wp-content\/uploads\/2026\/03\/private-label-oem-argan-oil-prickly-pear-shampoo-body-lotion-serum-morocco-arganisme-300x224.webp 300w, https:\/\/www.arganismeorganics.com\/wp-content\/uploads\/2026\/03\/private-label-oem-argan-oil-prickly-pear-shampoo-body-lotion-serum-morocco-arganisme-1024x765.webp 1024w, https:\/\/www.arganismeorganics.com\/wp-content\/uploads\/2026\/03\/private-label-oem-argan-oil-prickly-pear-shampoo-body-lotion-serum-morocco-arganisme-768x573.webp 768w\" sizes=\"auto, (max-width: 1200px) 100vw, 1200px\" \/>\n<\/div>\n<\/section>\n\n\n\n<section class=\"gb-element-53a95eb2\">\n<div class=\"gb-element-33baff99\">\n<img loading=\"lazy\" decoding=\"async\" width=\"1200\" height=\"896\" class=\"gb-media-b6781c70\" alt=\"Distribuci\u00f3n mayorista de aceite de arg\u00e1n y embalaje listo para exportaci\u00f3n desde Marruecos: cajas paletizadas preparadas para env\u00edo global, suministro y abastecimiento de distribuidores - Arganisme.\" title=\"Log\u00edstica mayorista de distribuci\u00f3n y exportaci\u00f3n de aceite de arg\u00e1n (Marruecos) - Arganisme\" src=\"https:\/\/www.arganismeorganics.com\/wp-content\/uploads\/2026\/03\/argan-oil-wholesale-distribution-export-ready-packaging-morocco-arganisme.webp\" srcset=\"https:\/\/www.arganismeorganics.com\/wp-content\/uploads\/2026\/03\/argan-oil-wholesale-distribution-export-ready-packaging-morocco-arganisme.webp 1200w, https:\/\/www.arganismeorganics.com\/wp-content\/uploads\/2026\/03\/argan-oil-wholesale-distribution-export-ready-packaging-morocco-arganisme-300x224.webp 300w, https:\/\/www.arganismeorganics.com\/wp-content\/uploads\/2026\/03\/argan-oil-wholesale-distribution-export-ready-packaging-morocco-arganisme-1024x765.webp 1024w, https:\/\/www.arganismeorganics.com\/wp-content\/uploads\/2026\/03\/argan-oil-wholesale-distribution-export-ready-packaging-morocco-arganisme-768x573.webp 768w\" sizes=\"auto, (max-width: 1200px) 100vw, 1200px\" \/>\n<\/div>\n\n\n\n<div class=\"gb-element-518f85c6\">\n<h2 class=\"gb-text gb-text-c24fdd8a\">Asociaci\u00f3n de Reventa y Distribuci\u00f3n<\/h2>\n\n\n\n<p>Ampl\u00eda tu cat\u00e1logo con <a href=\"https:\/\/www.arganismeorganics.com\/es\/proveedor-mayorista-de-aceite-de-argan-marroqui-aceites-naturales-e-ingredientes-a-granel\/\" data-type=\"page\" data-id=\"217561\">productos<\/a> marroqu\u00edes premium y de alta demanda. Ofrecemos oportunidades de colaboraci\u00f3n lucrativas para distribuidores, mayoristas y cadenas minoristas consolidadas que buscan suministros org\u00e1nicos fiables y aut\u00e9nticos. <\/p>\n\n\n\n<ul class=\"wp-block-list\">\n<li><strong>Altos m\u00e1rgenes de beneficio:<\/strong> Estructura de precios B2B competitiva para socios mayoristas.<\/li>\n\n\n\n<li><strong>Productos listos para la venta al p\u00fablico:<\/strong> Art\u00edculos preenvasados, totalmente certificados, listos para colocarse inmediatamente en las estanter\u00edas.<\/li>\n\n\n\n<li><strong>Territorios exclusivos:<\/strong> Oportunidades para derechos exclusivos de distribuci\u00f3n en regiones espec\u00edficas.<\/li>\n\n\n\n<li><strong>Cadena de suministro totalmente rastreable:<\/strong> Garantizar un origen marroqu\u00ed 100% aut\u00e9ntico desde la fuente directamente hasta tus estanter\u00edas.<\/li>\n<\/ul>\n\n\n\n<div class=\"gb-element-7fba7d6c\">\n<a class=\"gb-text-7f62a0d4\" href=\"https:\/\/www.arganismeorganics.com\/es\/obten-un-presupuesto-de-aceite-de-argan-a-granel-programa-de-socios-mayoristas\/\"><span class=\"gb-text\">Convi\u00e9rtete en distribuidor<\/span><span class=\"gb-shape\"><svg xmlns=\"http:\/\/www.w3.org\/2000\/svg\" viewbox=\"0 0 256 512\" width=\"1em\" height=\"1em\" aria-hidden=\"true\"><path d=\"M224.3 273l-136 136c-9.4 9.4-24.6 9.4-33.9 0l-22.6-22.6c-9.4-9.4-9.4-24.6 0-33.9l96.4-96.4-96.4-96.4c-9.4-9.4-9.4-24.6 0-33.9L54.3 103c9.4-9.4 24.6-9.4 33.9 0l136 136c9.5 9.4 9.5 24.6.1 34z\" fill=\"currentColor\"><\/path><\/svg><\/span><\/a>\n<\/div>\n<\/div>\n<\/section>\n\n\n\n<div class=\"gb-element-2d0ebd46\">\n<h2 class=\"gb-text gb-text-4c8554e2\">LOG\u00cdSTICA GLOBAL Y AUTORIZACI\u00d3N DE EXPORTACI\u00d3N<\/h2>\n\n\n\n<p class=\"gb-text gb-text-19d58bb4\">Comercio internacional sin interrupciones desde Marruecos hacia Estados Unidos, la UE, el Reino Unido y Asia. Nos encargamos de la compleja log\u00edstica, la documentaci\u00f3n de exportaci\u00f3n y la coordinaci\u00f3n aduanera para que puedas centrarte en hacer crecer tu negocio. <\/p>\n\n\n\n<div class=\"gb-element-4c6f0d8f\">\n<div class=\"gb-element-d86b9213\">\n<h4 class=\"gb-text gb-text-ceb54d36\">Opciones de transporte de mercanc\u00edas a nivel mundial<\/h4>\n\n\n\n<ul class=\"wp-block-list\">\n<li><strong>Transporte a\u00e9reo:<\/strong> Entrega r\u00e1pida para muestras urgentes y peque\u00f1as tiradas de marca propia.<\/li>\n\n\n\n<li><strong>Transporte mar\u00edtimo (LCL\/FCL):<\/strong> Env\u00edo rentable para bidones a granel y pedidos de contenedores grandes.<\/li>\n\n\n\n<li><strong>Incoterms soportados:<\/strong> Trabajamos con EXW, FOB Casablanca, CIF y opciones puerta a puerta DDP.<\/li>\n<\/ul>\n\n\n\n<a class=\"gb-text-4dc1edd1\" href=\"https:\/\/www.arganismeorganics.com\/es\/obten-un-presupuesto-de-aceite-de-argan-a-granel-programa-de-socios-mayoristas\/\"><span class=\"gb-text\">Solicitar presupuesto de carga<\/span><span class=\"gb-shape\"><svg xmlns=\"http:\/\/www.w3.org\/2000\/svg\" aria-hidden=\"true\" height=\"1em\" width=\"1em\" viewbox=\"0 0 256 512\"><path fill=\"currentColor\" d=\"M224.3 273l-136 136c-9.4 9.4-24.6 9.4-33.9 0l-22.6-22.6c-9.4-9.4-9.4-24.6 0-33.9l96.4-96.4-96.4-96.4c-9.4-9.4-9.4-24.6 0-33.9L54.3 103c9.4-9.4 24.6-9.4 33.9 0l136 136c9.5 9.4 9.5 24.6.1 34z\"><\/path><\/svg><\/span><\/a>\n<\/div>\n\n\n\n<div class=\"gb-element-5ffe0d9d\">\n<h4 class=\"gb-text gb-text-81dbd3eb\">Integridad del embalaje para el transporte<\/h4>\n\n\n\n<ul class=\"wp-block-list\">\n<li><strong>Transporte Seguro:<\/strong> Contenedores protegidos contra UV y pal\u00e9s de exportaci\u00f3n de alta resistencia envueltos en pl\u00e1stico.<\/li>\n\n\n\n<li><strong>Aduanas listas:<\/strong> Todos los env\u00edos incluyen facturas comerciales precisas, listas de empaquetado y certificados de origen para evitar retrasos en la frontera.<\/li>\n<\/ul>\n\n\n\n<a class=\"gb-text-9dc389a0\" href=\"https:\/\/www.arganismeorganics.com\/es\/obten-un-presupuesto-de-aceite-de-argan-a-granel-programa-de-socios-mayoristas\/\"><span class=\"gb-text\">Detalles de la solicitud de embalaje<\/span><span class=\"gb-shape\"><svg xmlns=\"http:\/\/www.w3.org\/2000\/svg\" aria-hidden=\"true\" height=\"1em\" width=\"1em\" viewbox=\"0 0 256 512\"><path fill=\"currentColor\" d=\"M224.3 273l-136 136c-9.4 9.4-24.6 9.4-33.9 0l-22.6-22.6c-9.4-9.4-9.4-24.6 0-33.9l96.4-96.4-96.4-96.4c-9.4-9.4-9.4-24.6 0-33.9L54.3 103c9.4-9.4 24.6-9.4 33.9 0l136 136c9.5 9.4 9.5 24.6.1 34z\"><\/path><\/svg><\/span><\/a>\n<\/div>\n<\/div>\n<\/div>\n<\/div>\n\n<div class=\"gb-element-8b91cab1\">\n<h4 class=\"gb-text gb-text-ae80bc5c\">PREGUNTAS FRECUENTES (SERVICIOS B2B)<\/h4>\n\n\n\n<ul class=\"wp-block-list\">\n<li><strong>\u00bfCu\u00e1l es tu Cantidad M\u00ednima de Pedido (MOQ)?<\/strong>  Ofrecemos cantidades m\u00ednimas de pedido muy flexibles para atender a empresas de todos los tama\u00f1os. Tanto si necesitas aceite de arg\u00e1n a granel para uso industrial como si est\u00e1s lanzando una nueva l\u00ednea de cosm\u00e9ticos de marca propia, nuestros MOQs est\u00e1n dise\u00f1ados para ser accesibles tanto para marcas emergentes como para minoristas consolidados. Por favor, contacta con nuestro equipo para obtener un presupuesto personalizado basado en tus necesidades espec\u00edficas de embalaje.  <\/li>\n\n\n\n<li><strong>\u00bfProporciona los documentos de exportaci\u00f3n necesarios?<\/strong>  S\u00ed. Cada pedido mayorista y al por mayor viene acompa\u00f1ado de un Certificado de An\u00e1lisis (COA), Hoja de Datos de Seguridad de Materiales (MSDS), Certificados Org\u00e1nicos (USDA\/EcoCert) y toda la documentaci\u00f3n aduanera necesaria para una importaci\u00f3n sin problemas. <\/li>\n\n\n\n<li><strong>\u00bfPuedo enviarte mi propio embalaje para que lo rellenes?<\/strong>  Por supuesto. Aunque ofrecemos una amplia variedad de botellas de vidrio y pl\u00e1stico premium, puedes enviar tus envases y etiquetas exclusivas a nuestra instalaci\u00f3n marroqu\u00ed para su llenado y montaje profesional. <\/li>\n<\/ul>\n<\/div>\n","protected":false},"excerpt":{"rendered":"<p>Fabricaci\u00f3n por contrato y servicios de exportaci\u00f3n a granel de Argan Oil Transforma tu visi\u00f3n cosm\u00e9tica en realidad con un socio fabricante marroqu\u00ed certificado. Vamos m\u00e1s all\u00e1 del suministro de ingredientes org\u00e1nicos: ofrecemos soluciones B2B integrales, incluyendo embotellado de marca propia (OEM\/ODM), envases personalizados y abastecimiento industrial a granel. Con nuestra cadena de suministro totalmente &#8230; <a title=\"Servicios de Aceite de Arg\u00e1n Marroqu\u00ed: Marca Propia, Producci\u00f3n a granel y Fabricaci\u00f3n por Contrato\" class=\"read-more\" href=\"https:\/\/www.arganismeorganics.com\/es\/servicios-de-aceite-de-argan-marroqui-marca-propia-produccion-a-granel-y-fabricacion-por-contrato\/\" aria-label=\"Leer m\u00e1s sobre Servicios de Aceite de Arg\u00e1n Marroqu\u00ed: Marca Propia, Producci\u00f3n a granel y Fabricaci\u00f3n por Contrato\">Leer m\u00e1s<\/a><\/p>\n","protected":false},"author":2,"featured_media":0,"parent":0,"menu_order":0,"comment_status":"closed","ping_status":"closed","template":"","meta":{"footnotes":""},"class_list":["post-218923","page","type-page","status-publish"],"_links":{"self":[{"href":"https:\/\/www.arganismeorganics.com\/es\/wp-json\/wp\/v2\/pages\/218923","targetHints":{"allow":["GET"]}}],"collection":[{"href":"https:\/\/www.arganismeorganics.com\/es\/wp-json\/wp\/v2\/pages"}],"about":[{"href":"https:\/\/www.arganismeorganics.com\/es\/wp-json\/wp\/v2\/types\/page"}],"author":[{"embeddable":true,"href":"https:\/\/www.arganismeorganics.com\/es\/wp-json\/wp\/v2\/users\/2"}],"replies":[{"embeddable":true,"href":"https:\/\/www.arganismeorganics.com\/es\/wp-json\/wp\/v2\/comments?post=218923"}],"version-history":[{"count":0,"href":"https:\/\/www.arganismeorganics.com\/es\/wp-json\/wp\/v2\/pages\/218923\/revisions"}],"wp:attachment":[{"href":"https:\/\/www.arganismeorganics.com\/es\/wp-json\/wp\/v2\/media?parent=218923"}],"curies":[{"name":"wp","href":"https:\/\/api.w.org\/{rel}","templated":true}]}}