{"id":218906,"date":"2020-02-13T13:17:50","date_gmt":"2020-02-13T13:17:50","guid":{"rendered":"https:\/\/www.arganismeorganics.com\/inicio\/"},"modified":"2026-03-31T19:51:04","modified_gmt":"2026-03-31T19:51:04","slug":"inicio","status":"publish","type":"page","link":"https:\/\/www.arganismeorganics.com\/es\/","title":{"rendered":"Inicio"},"content":{"rendered":"\n<div class=\"gb-element-9012b8f7\">\n<img loading=\"lazy\" decoding=\"async\" width=\"2400\" height=\"1601\" class=\"gb-media-3ed0a61d\" alt=\"Cooperativa de aceite de arg\u00e1n en Marruecos que produce aceite de arg\u00e1n org\u00e1nico para exportaci\u00f3n a granel\" title=\"Cooperativa marroqu\u00ed de aceite de arg\u00e1n que ofrece suministro a granel para profesionales\" src=\"https:\/\/www.arganismeorganics.com\/wp-content\/uploads\/2026\/02\/argan-oil-cooperative-morocco-bulk.webp\" srcset=\"https:\/\/www.arganismeorganics.com\/wp-content\/uploads\/2026\/02\/argan-oil-cooperative-morocco-bulk.webp 2400w, https:\/\/www.arganismeorganics.com\/wp-content\/uploads\/2026\/02\/argan-oil-cooperative-morocco-bulk-300x200.webp 300w, https:\/\/www.arganismeorganics.com\/wp-content\/uploads\/2026\/02\/argan-oil-cooperative-morocco-bulk-1024x683.webp 1024w, https:\/\/www.arganismeorganics.com\/wp-content\/uploads\/2026\/02\/argan-oil-cooperative-morocco-bulk-768x512.webp 768w, https:\/\/www.arganismeorganics.com\/wp-content\/uploads\/2026\/02\/argan-oil-cooperative-morocco-bulk-1536x1025.webp 1536w, https:\/\/www.arganismeorganics.com\/wp-content\/uploads\/2026\/02\/argan-oil-cooperative-morocco-bulk-2048x1366.webp 2048w\" sizes=\"auto, (max-width: 2400px) 100vw, 2400px\" \/>\n\n\n\n<div class=\"gb-element-707210b9\">\n<div class=\"gb-element-bedfb800\">\n<h1 class=\"gb-text gb-text-eb452cf3\">Proveedor mayorista de aceite de arg\u00e1n de Marruecos | Productor directo de cooperativa<\/h1>\n\n\n\n<p class=\"gb-text gb-text-728ed2a9\">Con sede en Essaouira, <strong>suministramos aceite de arg\u00e1n a granel<\/strong> para clientes B2B: fabricaci\u00f3n de marca privada (Private Label), envasado y documentaci\u00f3n listos para la exportaci\u00f3n, y env\u00edo internacional para marcas cosm\u00e9ticas y farmac\u00e9uticas.<\/p>\n<\/div>\n\n\n\n<a class=\"gb-text gb-text-b91a3260\" href=\"https:\/\/www.arganismeorganics.com\/es\/obten-un-presupuesto-de-aceite-de-argan-a-granel-programa-de-socios-mayoristas\/\">Solicitar un presupuesto mayorista<\/a>\n\n\n\n<a class=\"gb-text gb-text-fd75f687\" href=\"https:\/\/www.arganismeorganics.com\/es\/proveedor-mayorista-de-aceite-de-argan-marroqui-aceites-naturales-e-ingredientes-a-granel\/\">Ver nuestros productos<\/a>\n<\/div>\n<\/div>\n\n<div class=\"gb-element-60c555ee\">\n<h3 class=\"gb-text gb-text-383b3124\">Calidad Certificada para la Exportaci\u00f3n Internacional<\/h3>\n\n\n\n<div class=\"gb-element-31784b86\">\n<div class=\"gb-element-d95eb791\" style=\"--inline-bg-image: url(https:\/\/www.arganismeorganics.com\/wp-content\/uploads\/2026\/02\/ecocert-organic-certified-argan-oil-bulk.webp)\">\n<img loading=\"lazy\" decoding=\"async\" width=\"200\" height=\"220\" class=\"gb-media-289257d6\" alt=\"Aceite de arg\u00e1n certificado libre de crueldad animal para la producci\u00f3n cosm\u00e9tica \u00e9tica.\" title=\"Certificaci\u00f3n Cruelty Free\" src=\"https:\/\/www.arganismeorganics.com\/wp-content\/uploads\/2026\/02\/cruelty-free-argan-oil-certification-morocco.webp\">\n<\/div>\n\n\n\n<div class=\"gb-element-8d33ec22\" style=\"--inline-bg-image: url(https:\/\/www.arganismeorganics.com\/wp-content\/uploads\/2026\/02\/ecocert-organic-certified-argan-oil-bulk.webp)\">\n<img loading=\"lazy\" decoding=\"async\" width=\"120\" height=\"166\" class=\"gb-media-ebc8465f\" alt=\"Aceite de arg\u00e1n certificado de comercio justo que apoya a las comunidades locales de Marruecos.\" title=\"Certificaci\u00f3n Fair Trade\" src=\"https:\/\/www.arganismeorganics.com\/wp-content\/uploads\/2026\/02\/fair-trade-argan-oil-cooperative-essaouira.webp\">\n<\/div>\n\n\n\n<div class=\"gb-element-84693083\" style=\"--inline-bg-image: url(https:\/\/www.arganismeorganics.com\/wp-content\/uploads\/2026\/02\/ecocert-organic-certified-argan-oil-bulk.webp)\">\n<img loading=\"lazy\" decoding=\"async\" width=\"200\" height=\"200\" class=\"gb-media-6960cebf\" alt=\"Proveedor de aceite de arg\u00e1n con certificaci\u00f3n USDA Organic para los mercados de EE. UU. y a nivel mundial\" title=\"USDA Organic\" src=\"https:\/\/www.arganismeorganics.com\/wp-content\/uploads\/2026\/02\/usda-organic-argan-oil-supplier-wholesale.webp\" srcset=\"https:\/\/www.arganismeorganics.com\/wp-content\/uploads\/2026\/02\/usda-organic-argan-oil-supplier-wholesale.webp 200w, https:\/\/www.arganismeorganics.com\/wp-content\/uploads\/2026\/02\/usda-organic-argan-oil-supplier-wholesale-150x150.webp 150w\" sizes=\"auto, (max-width: 200px) 100vw, 200px\" \/>\n<\/div>\n\n\n\n<div class=\"gb-element-7fd19230\" style=\"--inline-bg-image: url(https:\/\/www.arganismeorganics.com\/wp-content\/uploads\/2026\/02\/ecocert-organic-certified-argan-oil-bulk.webp)\">\n<img loading=\"lazy\" decoding=\"async\" width=\"220\" height=\"153\" class=\"gb-media-6be0695a\" alt=\"Aceite de arg\u00e1n certificado org\u00e1nico Ecocert para venta al por mayor y marca privada\" title=\"Ecocert Organic\" src=\"https:\/\/www.arganismeorganics.com\/wp-content\/uploads\/2026\/02\/ecocert-organic-certified-argan-oil-bulk.webp\">\n<\/div>\n\n\n\n<div class=\"gb-element-598507da\" style=\"--inline-bg-image: url(https:\/\/www.arganismeorganics.com\/wp-content\/uploads\/2026\/02\/ecocert-organic-certified-argan-oil-bulk.webp)\">\n<img loading=\"lazy\" decoding=\"async\" width=\"350\" height=\"150\" class=\"gb-media-598222fb\" alt=\"Certificado sanitario y de seguridad ONSSA para la producci\u00f3n de aceite de arg\u00e1n en Marruecos\" title=\"Certificado de Seguridad ONSSA\" src=\"https:\/\/www.arganismeorganics.com\/wp-content\/uploads\/2026\/02\/onssa-morocco-food-safety-argan-oil-producer.webp\" srcset=\"https:\/\/www.arganismeorganics.com\/wp-content\/uploads\/2026\/02\/onssa-morocco-food-safety-argan-oil-producer.webp 350w, https:\/\/www.arganismeorganics.com\/wp-content\/uploads\/2026\/02\/onssa-morocco-food-safety-argan-oil-producer-300x129.webp 300w\" sizes=\"auto, (max-width: 350px) 100vw, 350px\" \/>\n<\/div>\n\n\n\n<div class=\"gb-element-02a7b7de\" style=\"--inline-bg-image: url(https:\/\/www.arganismeorganics.com\/wp-content\/uploads\/2026\/02\/ecocert-organic-certified-argan-oil-bulk.webp)\">\n<img loading=\"lazy\" decoding=\"async\" width=\"321\" height=\"81\" class=\"gb-media-5e016a6d\" alt=\"Certificaci\u00f3n EACCE de Foodex de Marruecos para la exportaci\u00f3n internacional de aceite de arg\u00e1n.\" title=\"Aprobaci\u00f3n de Foodex en Marruecos\" src=\"https:\/\/www.arganismeorganics.com\/wp-content\/uploads\/2026\/02\/morocco-foodex-eacce-export-argan-oil.webp\" srcset=\"https:\/\/www.arganismeorganics.com\/wp-content\/uploads\/2026\/02\/morocco-foodex-eacce-export-argan-oil.webp 321w, https:\/\/www.arganismeorganics.com\/wp-content\/uploads\/2026\/02\/morocco-foodex-eacce-export-argan-oil-300x76.webp 300w\" sizes=\"auto, (max-width: 321px) 100vw, 321px\" \/>\n<\/div>\n<\/div>\n<\/div>\n\n<div class=\"gb-element-2d0ebd46\">\n<h2 class=\"gb-text gb-text-4c8554e2\">Obtenci\u00f3n directa de nuestra cooperativa marroqu\u00ed de arg\u00e1n<\/h2>\n\n\n\n<p class=\"gb-text gb-text-19d58bb4\">Arganisme Organics apoya a marcas y profesionales que buscan <strong>un suministro fiable de aceite de arg\u00e1n en Marruecos<\/strong>.<br>Desde <strong>el suministro a granel<\/strong> hasta la log\u00edstica de exportaci\u00f3n, garantizamos calidad, trazabilidad y precios competitivos.<\/p>\n\n\n\n<div class=\"gb-element-4c6f0d8f\">\n<div class=\"gb-element-d86b9213\">\n<h3 class=\"gb-text gb-text-ceb54d36\">Aceite de arg\u00e1n cosm\u00e9tico a granel<\/h3>\n\n\n\n<p class=\"gb-text gb-text-d00c6ec6\">Aceite de arg\u00e1n cosm\u00e9tico virgen disponible en grandes cantidades para uso profesional e industrial.<\/p>\n\n\n\n<a class=\"gb-text-4dc1edd1\" href=\"https:\/\/www.arganismeorganics.com\/es\/servicios-de-aceite-de-argan-marroqui-marca-propia-produccion-a-granel-y-fabricacion-por-contrato\/\"><span class=\"gb-text\">Soluciones a granel<\/span><span class=\"gb-shape\"><svg xmlns=\"http:\/\/www.w3.org\/2000\/svg\" aria-hidden=\"true\" height=\"1em\" width=\"1em\" viewbox=\"0 0 256 512\"><path fill=\"currentColor\" d=\"M224.3 273l-136 136c-9.4 9.4-24.6 9.4-33.9 0l-22.6-22.6c-9.4-9.4-9.4-24.6 0-33.9l96.4-96.4-96.4-96.4c-9.4-9.4-9.4-24.6 0-33.9L54.3 103c9.4-9.4 24.6-9.4 33.9 0l136 136c9.5 9.4 9.5 24.6.1 34z\"><\/path><\/svg><\/span><\/a>\n<\/div>\n\n\n\n<div class=\"gb-element-5ffe0d9d\">\n<h3 class=\"gb-text gb-text-81dbd3eb\">Cooperativa de aceite de arg\u00e1n en Marruecos<\/h3>\n\n\n\n<p class=\"gb-text gb-text-f5634d22\">Producido por una <strong>cooperativa de aceite de arg\u00e1n<\/strong> en Marruecos utilizando conocimientos tradicionales y un estricto control de calidad.<\/p>\n\n\n\n<a class=\"gb-text-9dc389a0\" href=\"https:\/\/www.arganismeorganics.com\/es\/servicios-de-aceite-de-argan-marroqui-marca-propia-produccion-a-granel-y-fabricacion-por-contrato\/\"><span class=\"gb-text\">Nuestra B\u00fasqueda<\/span><span class=\"gb-shape\"><svg xmlns=\"http:\/\/www.w3.org\/2000\/svg\" aria-hidden=\"true\" height=\"1em\" width=\"1em\" viewbox=\"0 0 256 512\"><path fill=\"currentColor\" d=\"M224.3 273l-136 136c-9.4 9.4-24.6 9.4-33.9 0l-22.6-22.6c-9.4-9.4-9.4-24.6 0-33.9l96.4-96.4-96.4-96.4c-9.4-9.4-9.4-24.6 0-33.9L54.3 103c9.4-9.4 24.6-9.4 33.9 0l136 136c9.5 9.4 9.5 24.6.1 34z\"><\/path><\/svg><\/span><\/a>\n<\/div>\n\n\n\n<div class=\"gb-element-78bd0279\">\n<h3 class=\"gb-text gb-text-5aa233c0\">Embalaje y exportaci\u00f3n a granel<\/h3>\n\n\n\n<p class=\"gb-text gb-text-161ab23c\">Soluciones flexibles de embalaje a granel y exportaci\u00f3n internacional para clientes B2B en todo el mundo.<\/p>\n\n\n\n<a class=\"gb-text-8aacd295\" href=\"https:\/\/www.arganismeorganics.com\/es\/servicios-de-aceite-de-argan-marroqui-marca-propia-produccion-a-granel-y-fabricacion-por-contrato\/\"><span class=\"gb-text\">Detalles de exportaci\u00f3n<\/span><span class=\"gb-shape\"><svg xmlns=\"http:\/\/www.w3.org\/2000\/svg\" aria-hidden=\"true\" height=\"1em\" width=\"1em\" viewbox=\"0 0 256 512\"><path fill=\"currentColor\" d=\"M224.3 273l-136 136c-9.4 9.4-24.6 9.4-33.9 0l-22.6-22.6c-9.4-9.4-9.4-24.6 0-33.9l96.4-96.4-96.4-96.4c-9.4-9.4-9.4-24.6 0-33.9L54.3 103c9.4-9.4 24.6-9.4 33.9 0l136 136c9.5 9.4 9.5 24.6.1 34z\"><\/path><\/svg><\/span><\/a>\n<\/div>\n<\/div>\n<\/div>\n\n<div class=\"gb-element-83230e60\">\n<h2 class=\"gb-text gb-text-cfd4a1c7\">Cooperativa l\u00edder en aceite de arg\u00e1n y productor desde 2007<\/h2>\n\n\n\n<div class=\"gb-element-8eb4216d\">\n<div class=\"gb-element-00005084\">\n<p class=\"gb-text gb-text-d5e06dc3\">2007<\/p>\n\n\n\n<p class=\"gb-text gb-text-eb91d07f\">Fundaci\u00f3n en Essaouira<\/p>\n<\/div>\n\n\n\n<div class=\"gb-element-922d64f2\">\n<p class=\"gb-text gb-text-d36658d1\">100+ toneladas<\/p>\n\n\n\n<p class=\"gb-text gb-text-99be3c74\">Producci\u00f3n anual<\/p>\n<\/div>\n\n\n\n<div class=\"gb-element-bef6a9db\">\n<p class=\"gb-text gb-text-c599f4b3\">30+ empleados<\/p>\n\n\n\n<p class=\"gb-text gb-text-8ac96604\">Apoyo de la comunidad local<\/p>\n<\/div>\n\n\n\n<div class=\"gb-element-5202f82d\">\n<p class=\"gb-text gb-text-57d43ded\">Certificado<\/p>\n\n\n\n<p class=\"gb-text gb-text-2a2a380b\">USDA Org\u00e1nico y ECOCERT<\/p>\n<\/div>\n<\/div>\n<\/div>\n\n<div class=\"gb-element-464f43a4\">\n<h2 class=\"gb-text gb-text-d341dec5\">Gama premium Marroqu\u00ed al por Mayor<\/h2>\n\n\n\n<p class=\"gb-text gb-text-02db349f\">Procedentes directamente de Essaouira, Marruecos, somos un <strong>proveedor<\/strong> mayorista l\u00edder de ingredientes a granel para las industrias cosm\u00e9tica y alimentaria internacional.<\/p>\n\n\n\n<div class=\"gb-element-77b85bd1\">\n<div class=\"gb-element-624c1f5e\">\n<h3 class=\"gb-text gb-text-bd2841ce\">Aceite de arg\u00e1n a granel<\/h3>\n\n\n\n<img loading=\"lazy\" decoding=\"async\" width=\"600\" height=\"327\" class=\"gb-media-e6af5168\" alt=\"Proveedor mayorista de aceite de arg\u00e1n de Marruecos para las industrias cosm\u00e9tica y culinaria.\" title=\"Proveedor mayorista de aceite de arg\u00e1n Marruecos\" src=\"https:\/\/www.arganismeorganics.com\/wp-content\/uploads\/2026\/02\/argan-oil-wholesale-supplier-morocco.webp\" srcset=\"https:\/\/www.arganismeorganics.com\/wp-content\/uploads\/2026\/02\/argan-oil-wholesale-supplier-morocco.webp 600w, https:\/\/www.arganismeorganics.com\/wp-content\/uploads\/2026\/02\/argan-oil-wholesale-supplier-morocco-300x164.webp 300w\" sizes=\"auto, (max-width: 600px) 100vw, 600px\" \/>\n\n\n\n<p class=\"gb-text gb-text-f9924592\">100% puro, prensado en fr\u00edo y certificado org\u00e1nico<\/p>\n\n\n\n<a class=\"gb-text-ff56b8aa\" href=\"https:\/\/www.arganismeorganics.com\/es\/proveedor-mayorista-de-aceite-de-argan-marroqui-aceites-naturales-e-ingredientes-a-granel\/\"><span class=\"gb-text\">ACEITE DE ARG\u00c1N AL POR MAYOR<\/span><span class=\"gb-shape\"><svg xmlns=\"http:\/\/www.w3.org\/2000\/svg\" aria-hidden=\"true\" height=\"1em\" width=\"1em\" viewbox=\"0 0 256 512\"><path fill=\"currentColor\" d=\"M224.3 273l-136 136c-9.4 9.4-24.6 9.4-33.9 0l-22.6-22.6c-9.4-9.4-9.4-24.6 0-33.9l96.4-96.4-96.4-96.4c-9.4-9.4-9.4-24.6 0-33.9L54.3 103c9.4-9.4 24.6-9.4 33.9 0l136 136c9.5 9.4 9.5 24.6.1 34z\"><\/path><\/svg><\/span><\/a>\n<\/div>\n\n\n\n<div class=\"gb-element-42ed7ee0\">\n<h3 class=\"gb-text gb-text-2619b29b\">Aceite de semillas de nomalo<\/h3>\n\n\n\n<img loading=\"lazy\" decoding=\"async\" width=\"600\" height=\"327\" class=\"gb-media-ae0c4a70\" alt=\"Suministro puro de aceite de nopal de nopal a granel desde Marruecos para marcas de cuidado facial de lujo antienvejecimiento.\" title=\"Aceite de Semillas de Nopal Granel Marruecos\" src=\"https:\/\/www.arganismeorganics.com\/wp-content\/uploads\/2026\/02\/moroccan-prickly-pear-seed-oil-bulk.webp\" srcset=\"https:\/\/www.arganismeorganics.com\/wp-content\/uploads\/2026\/02\/moroccan-prickly-pear-seed-oil-bulk.webp 600w, https:\/\/www.arganismeorganics.com\/wp-content\/uploads\/2026\/02\/moroccan-prickly-pear-seed-oil-bulk-300x164.webp 300w\" sizes=\"auto, (max-width: 600px) 100vw, 600px\" \/>\n\n\n\n<p class=\"gb-text gb-text-dd008ed5\">El ingrediente antienvejecimiento de lujo definitivo<\/p>\n\n\n\n<a class=\"gb-text-c77267bc\" href=\"https:\/\/www.arganismeorganics.com\/es\/proveedor-mayorista-de-aceite-de-argan-marroqui-aceites-naturales-e-ingredientes-a-granel\/\"><span class=\"gb-text\">NOPAL DE ESPINA A GRANEL<\/span><span class=\"gb-shape\"><svg xmlns=\"http:\/\/www.w3.org\/2000\/svg\" aria-hidden=\"true\" height=\"1em\" width=\"1em\" viewbox=\"0 0 256 512\"><path fill=\"currentColor\" d=\"M224.3 273l-136 136c-9.4 9.4-24.6 9.4-33.9 0l-22.6-22.6c-9.4-9.4-9.4-24.6 0-33.9l96.4-96.4-96.4-96.4c-9.4-9.4-9.4-24.6 0-33.9L54.3 103c9.4-9.4 24.6-9.4 33.9 0l136 136c9.5 9.4 9.5 24.6.1 34z\"><\/path><\/svg><\/span><\/a>\n<\/div>\n\n\n\n<div class=\"gb-element-d75417a4\">\n<h3 class=\"gb-text gb-text-bebdd29c\">Aceites esenciales<\/h3>\n\n\n\n<img loading=\"lazy\" decoding=\"async\" width=\"600\" height=\"327\" class=\"gb-media-8fdc4cf3\" alt=\"Aguas florales marroqu\u00edes y hidrosoles al por mayor, incluyendo agua de rosas y flor de azahar.\" title=\"Aceites esenciales y hidrosoles marroqu\u00edes al por mayor\" src=\"https:\/\/www.arganismeorganics.com\/wp-content\/uploads\/2026\/02\/moroccan-essential-oils-hydrosols-wholesale.webp\" srcset=\"https:\/\/www.arganismeorganics.com\/wp-content\/uploads\/2026\/02\/moroccan-essential-oils-hydrosols-wholesale.webp 600w, https:\/\/www.arganismeorganics.com\/wp-content\/uploads\/2026\/02\/moroccan-essential-oils-hydrosols-wholesale-300x164.webp 300w\" sizes=\"auto, (max-width: 600px) 100vw, 600px\" \/>\n\n\n\n<p class=\"gb-text gb-text-5d77fbb9\">Extractos bot\u00e1nicos destilados al vapor<\/p>\n\n\n\n<a class=\"gb-text-94d24ba7\" href=\"https:\/\/www.arganismeorganics.com\/es\/proveedor-mayorista-de-aceite-de-argan-marroqui-aceites-naturales-e-ingredientes-a-granel\/\"><span class=\"gb-text\">ACEITES ESENCIALES A GRANEL<\/span><span class=\"gb-shape\"><svg xmlns=\"http:\/\/www.w3.org\/2000\/svg\" aria-hidden=\"true\" height=\"1em\" width=\"1em\" viewbox=\"0 0 256 512\"><path fill=\"currentColor\" d=\"M224.3 273l-136 136c-9.4 9.4-24.6 9.4-33.9 0l-22.6-22.6c-9.4-9.4-9.4-24.6 0-33.9l96.4-96.4-96.4-96.4c-9.4-9.4-9.4-24.6 0-33.9L54.3 103c9.4-9.4 24.6-9.4 33.9 0l136 136c9.5 9.4 9.5 24.6.1 34z\"><\/path><\/svg><\/span><\/a>\n<\/div>\n\n\n\n<div class=\"gb-element-85e2676d\">\n<h3 class=\"gb-text gb-text-d7ccd389\">Hammam &amp; Spa<\/h3>\n\n\n\n<img loading=\"lazy\" decoding=\"async\" width=\"600\" height=\"327\" class=\"gb-media-29f8eb80\" alt=\"Productos mayoristas marroqu\u00edes de spa como jab\u00f3n negro (Beldi) y arcilla ghassoul para centros de bienestar.\" title=\"Venta al por mayor de productos de spa marroqu\u00ed\" src=\"https:\/\/www.arganismeorganics.com\/wp-content\/uploads\/2026\/02\/moroccan-spa-products-wholesale.webp\" srcset=\"https:\/\/www.arganismeorganics.com\/wp-content\/uploads\/2026\/02\/moroccan-spa-products-wholesale.webp 600w, https:\/\/www.arganismeorganics.com\/wp-content\/uploads\/2026\/02\/moroccan-spa-products-wholesale-300x164.webp 300w\" sizes=\"auto, (max-width: 600px) 100vw, 600px\" \/>\n\n\n\n<p class=\"gb-text gb-text-7fadb1b7\">Jab\u00f3n tradicional Beldi y arcillas minerales<\/p>\n\n\n\n<a class=\"gb-text-360e84b2\" href=\"https:\/\/www.arganismeorganics.com\/es\/proveedor-mayorista-de-aceite-de-argan-marroqui-aceites-naturales-e-ingredientes-a-granel\/\"><span class=\"gb-text\">SPA WHOLESALE<\/span><span class=\"gb-shape\"><svg xmlns=\"http:\/\/www.w3.org\/2000\/svg\" aria-hidden=\"true\" height=\"1em\" width=\"1em\" viewbox=\"0 0 256 512\"><path fill=\"currentColor\" d=\"M224.3 273l-136 136c-9.4 9.4-24.6 9.4-33.9 0l-22.6-22.6c-9.4-9.4-9.4-24.6 0-33.9l96.4-96.4-96.4-96.4c-9.4-9.4-9.4-24.6 0-33.9L54.3 103c9.4-9.4 24.6-9.4 33.9 0l136 136c9.5 9.4 9.5 24.6.1 34z\"><\/path><\/svg><\/span><\/a>\n<\/div>\n<\/div>\n<\/div>\n","protected":false},"excerpt":{"rendered":"<p>Proveedor mayorista de aceite de arg\u00e1n de Marruecos | Productor directo de cooperativa Con sede en Essaouira, suministramos aceite de arg\u00e1n a granel para clientes B2B: fabricaci\u00f3n de marca privada (Private Label), envasado y documentaci\u00f3n listos para la exportaci\u00f3n, y env\u00edo internacional para marcas cosm\u00e9ticas y farmac\u00e9uticas. Solicitar un presupuesto mayorista Ver nuestros productos Calidad &#8230; <a title=\"Inicio\" class=\"read-more\" href=\"https:\/\/www.arganismeorganics.com\/es\/\" aria-label=\"Leer m\u00e1s sobre Inicio\">Leer m\u00e1s<\/a><\/p>\n","protected":false},"author":2,"featured_media":0,"parent":0,"menu_order":0,"comment_status":"closed","ping_status":"closed","template":"","meta":{"footnotes":""},"class_list":["post-218906","page","type-page","status-publish"],"_links":{"self":[{"href":"https:\/\/www.arganismeorganics.com\/es\/wp-json\/wp\/v2\/pages\/218906","targetHints":{"allow":["GET"]}}],"collection":[{"href":"https:\/\/www.arganismeorganics.com\/es\/wp-json\/wp\/v2\/pages"}],"about":[{"href":"https:\/\/www.arganismeorganics.com\/es\/wp-json\/wp\/v2\/types\/page"}],"author":[{"embeddable":true,"href":"https:\/\/www.arganismeorganics.com\/es\/wp-json\/wp\/v2\/users\/2"}],"replies":[{"embeddable":true,"href":"https:\/\/www.arganismeorganics.com\/es\/wp-json\/wp\/v2\/comments?post=218906"}],"version-history":[{"count":0,"href":"https:\/\/www.arganismeorganics.com\/es\/wp-json\/wp\/v2\/pages\/218906\/revisions"}],"wp:attachment":[{"href":"https:\/\/www.arganismeorganics.com\/es\/wp-json\/wp\/v2\/media?parent=218906"}],"curies":[{"name":"wp","href":"https:\/\/api.w.org\/{rel}","templated":true}]}}